{"id":27112,"date":"2025-10-14T15:58:13","date_gmt":"2025-10-14T14:58:13","guid":{"rendered":"https:\/\/marneantic.com\/?post_type=product&#038;p=27112"},"modified":"2025-10-14T16:07:16","modified_gmt":"2025-10-14T15:07:16","slug":"porte-manteau-art-deco-en-metal-chrome","status":"publish","type":"product","link":"https:\/\/marneantic.com\/index.php\/produit\/porte-manteau-art-deco-en-metal-chrome\/","title":{"rendered":"Porte-manteau art deco en m\u00e9tal chrom\u00e9"},"content":{"rendered":"","protected":false},"excerpt":{"rendered":"<p>Porte-manteau art deco en laiton chrom\u00e9, en bon \u00e9tat, traces d&rsquo;usage, belle patine l\u00e9g\u00e8rement dor\u00e9e<br \/>\nlongueur:43.5cm<br \/>\nhauteur:16.5cm, profondeur au mur:13cm<\/p>\n<p>Les produits propos\u00e9s dans notre boutique sont anciens, ils peuvent pr\u00e9sent\u00e9s des traces d\u2019usure, d&rsquo;usage ou rayures qui donnent au produit son caract\u00e8re et son authenticit\u00e9, ils sont pr\u00e9sent\u00e9s au mieux dans la description, \u00e0 travers photos et textes, merci de bien les regarder.<\/p>\n<p>&nbsp;<\/p>\n<p>&nbsp;<\/p>\n","protected":false},"featured_media":27113,"comment_status":"open","ping_status":"closed","template":"","meta":{"_et_pb_use_builder":"","_et_pb_old_content":"","_et_gb_content_width":""},"product_cat":[44,31,16],"product_tag":[],"_links":{"self":[{"href":"https:\/\/marneantic.com\/index.php\/wp-json\/wp\/v2\/product\/27112"}],"collection":[{"href":"https:\/\/marneantic.com\/index.php\/wp-json\/wp\/v2\/product"}],"about":[{"href":"https:\/\/marneantic.com\/index.php\/wp-json\/wp\/v2\/types\/product"}],"replies":[{"embeddable":true,"href":"https:\/\/marneantic.com\/index.php\/wp-json\/wp\/v2\/comments?post=27112"}],"wp:featuredmedia":[{"embeddable":true,"href":"https:\/\/marneantic.com\/index.php\/wp-json\/wp\/v2\/media\/27113"}],"wp:attachment":[{"href":"https:\/\/marneantic.com\/index.php\/wp-json\/wp\/v2\/media?parent=27112"}],"wp:term":[{"taxonomy":"product_cat","embeddable":true,"href":"https:\/\/marneantic.com\/index.php\/wp-json\/wp\/v2\/product_cat?post=27112"},{"taxonomy":"product_tag","embeddable":true,"href":"https:\/\/marneantic.com\/index.php\/wp-json\/wp\/v2\/product_tag?post=27112"}],"curies":[{"name":"wp","href":"https:\/\/api.w.org\/{rel}","templated":true}]}}