{"id":27118,"date":"2025-10-14T16:07:47","date_gmt":"2025-10-14T15:07:47","guid":{"rendered":"https:\/\/marneantic.com\/?post_type=product&#038;p=27118"},"modified":"2025-10-14T16:15:49","modified_gmt":"2025-10-14T15:15:49","slug":"table-basse-annees-70-2","status":"publish","type":"product","link":"https:\/\/marneantic.com\/index.php\/produit\/table-basse-annees-70-2\/","title":{"rendered":"Table basse ann\u00e9es 70&prime;"},"content":{"rendered":"","protected":false},"excerpt":{"rendered":"<p>Table basse ann\u00e9es 70&prime;, structure en m\u00e9tal chrom\u00e9, plateaux en verre fum\u00e9<br \/>\nen bon \u00e9tat, a signaler rayures d&rsquo;usage sur les plateaux<br \/>\ndimensions totales: 61.7&#215;41.5cm, dimensions des plateaux: 57.5&#215;37.5cm<br \/>\nhauteur: 48cm<\/p>\n<p>pas d&rsquo;exp\u00e9dition postale pour cet article, remise en main propre domicile ou livraison possible en r\u00e9gion parisienne(conditions sur demande). Les produits propos\u00e9s dans notre boutique sont anciens, ils peuvent pr\u00e9sent\u00e9s des traces d\u2019usure, d&rsquo;usage ou rayures qui donnent au produit son caract\u00e8re et son authenticit\u00e9, ils sont pr\u00e9sent\u00e9s au mieux dans la description, \u00e0 travers photos et textes, merci de bien les regarder.<br \/>\nLes livraisons assur\u00e9es par nos soins se feront uniquement le samedi matin pour Paris et la petite couronne<\/p>\n","protected":false},"featured_media":27119,"comment_status":"open","ping_status":"closed","template":"","meta":{"_et_pb_use_builder":"","_et_pb_old_content":"","_et_gb_content_width":""},"product_cat":[31,16],"product_tag":[],"_links":{"self":[{"href":"https:\/\/marneantic.com\/index.php\/wp-json\/wp\/v2\/product\/27118"}],"collection":[{"href":"https:\/\/marneantic.com\/index.php\/wp-json\/wp\/v2\/product"}],"about":[{"href":"https:\/\/marneantic.com\/index.php\/wp-json\/wp\/v2\/types\/product"}],"replies":[{"embeddable":true,"href":"https:\/\/marneantic.com\/index.php\/wp-json\/wp\/v2\/comments?post=27118"}],"wp:featuredmedia":[{"embeddable":true,"href":"https:\/\/marneantic.com\/index.php\/wp-json\/wp\/v2\/media\/27119"}],"wp:attachment":[{"href":"https:\/\/marneantic.com\/index.php\/wp-json\/wp\/v2\/media?parent=27118"}],"wp:term":[{"taxonomy":"product_cat","embeddable":true,"href":"https:\/\/marneantic.com\/index.php\/wp-json\/wp\/v2\/product_cat?post=27118"},{"taxonomy":"product_tag","embeddable":true,"href":"https:\/\/marneantic.com\/index.php\/wp-json\/wp\/v2\/product_tag?post=27118"}],"curies":[{"name":"wp","href":"https:\/\/api.w.org\/{rel}","templated":true}]}}