{"id":27133,"date":"2025-10-16T15:54:28","date_gmt":"2025-10-16T14:54:28","guid":{"rendered":"https:\/\/marneantic.com\/?post_type=product&#038;p=27133"},"modified":"2025-10-28T14:29:01","modified_gmt":"2025-10-28T13:29:01","slug":"12-couteaux-de-table-anciens-en-metal-argente-en-ecrin","status":"publish","type":"product","link":"https:\/\/marneantic.com\/index.php\/produit\/12-couteaux-de-table-anciens-en-metal-argente-en-ecrin\/","title":{"rendered":"12 couteaux de table anciens en m\u00e9tal argent\u00e9 en \u00e9crin"},"content":{"rendered":"","protected":false},"excerpt":{"rendered":"<p>12 couteaux de table anciens en m\u00e9tal argent\u00e9 et lames inox \u00ab\u00a0Nogent\u00a0\u00bb, en tr\u00e8s bon \u00e9tat, longueur:25cm, \u00e9crin avec traces d&rsquo;usage<\/p>\n","protected":false},"featured_media":27134,"comment_status":"closed","ping_status":"closed","template":"","meta":{"_et_pb_use_builder":"","_et_pb_old_content":"","_et_gb_content_width":""},"product_cat":[10,29,30],"product_tag":[],"_links":{"self":[{"href":"https:\/\/marneantic.com\/index.php\/wp-json\/wp\/v2\/product\/27133"}],"collection":[{"href":"https:\/\/marneantic.com\/index.php\/wp-json\/wp\/v2\/product"}],"about":[{"href":"https:\/\/marneantic.com\/index.php\/wp-json\/wp\/v2\/types\/product"}],"replies":[{"embeddable":true,"href":"https:\/\/marneantic.com\/index.php\/wp-json\/wp\/v2\/comments?post=27133"}],"wp:featuredmedia":[{"embeddable":true,"href":"https:\/\/marneantic.com\/index.php\/wp-json\/wp\/v2\/media\/27134"}],"wp:attachment":[{"href":"https:\/\/marneantic.com\/index.php\/wp-json\/wp\/v2\/media?parent=27133"}],"wp:term":[{"taxonomy":"product_cat","embeddable":true,"href":"https:\/\/marneantic.com\/index.php\/wp-json\/wp\/v2\/product_cat?post=27133"},{"taxonomy":"product_tag","embeddable":true,"href":"https:\/\/marneantic.com\/index.php\/wp-json\/wp\/v2\/product_tag?post=27133"}],"curies":[{"name":"wp","href":"https:\/\/api.w.org\/{rel}","templated":true}]}}