{"id":27140,"date":"2025-10-17T14:05:10","date_gmt":"2025-10-17T13:05:10","guid":{"rendered":"https:\/\/marneantic.com\/?post_type=product&#038;p=27140"},"modified":"2025-10-17T14:11:12","modified_gmt":"2025-10-17T13:11:12","slug":"taie-doreiller-denfant-ancienne-brodee-4","status":"publish","type":"product","link":"https:\/\/marneantic.com\/index.php\/produit\/taie-doreiller-denfant-ancienne-brodee-4\/","title":{"rendered":"Taie d&rsquo;oreiller d&rsquo;enfant ancienne brod\u00e9e"},"content":{"rendered":"","protected":false},"excerpt":{"rendered":"<p><strong>Taie d&rsquo;oreiller d&rsquo;enfant ancienne brod\u00e9e, couleur rose, en tr\u00e8s bon \u00e9tat, linge v\u00e9rifi\u00e9 sortie d&rsquo;armoire ancienne<\/strong><\/p>\n<div><strong>largeur:49cm<\/strong><\/div>\n<div><strong>hauteur:42cm<\/strong><\/div>\n","protected":false},"featured_media":27142,"comment_status":"open","ping_status":"closed","template":"","meta":{"_et_pb_use_builder":"","_et_pb_old_content":"","_et_gb_content_width":""},"product_cat":[33],"product_tag":[],"_links":{"self":[{"href":"https:\/\/marneantic.com\/index.php\/wp-json\/wp\/v2\/product\/27140"}],"collection":[{"href":"https:\/\/marneantic.com\/index.php\/wp-json\/wp\/v2\/product"}],"about":[{"href":"https:\/\/marneantic.com\/index.php\/wp-json\/wp\/v2\/types\/product"}],"replies":[{"embeddable":true,"href":"https:\/\/marneantic.com\/index.php\/wp-json\/wp\/v2\/comments?post=27140"}],"wp:featuredmedia":[{"embeddable":true,"href":"https:\/\/marneantic.com\/index.php\/wp-json\/wp\/v2\/media\/27142"}],"wp:attachment":[{"href":"https:\/\/marneantic.com\/index.php\/wp-json\/wp\/v2\/media?parent=27140"}],"wp:term":[{"taxonomy":"product_cat","embeddable":true,"href":"https:\/\/marneantic.com\/index.php\/wp-json\/wp\/v2\/product_cat?post=27140"},{"taxonomy":"product_tag","embeddable":true,"href":"https:\/\/marneantic.com\/index.php\/wp-json\/wp\/v2\/product_tag?post=27140"}],"curies":[{"name":"wp","href":"https:\/\/api.w.org\/{rel}","templated":true}]}}