{"id":27144,"date":"2025-10-17T14:11:20","date_gmt":"2025-10-17T13:11:20","guid":{"rendered":"https:\/\/marneantic.com\/?post_type=product&#038;p=27144"},"modified":"2025-10-17T14:17:18","modified_gmt":"2025-10-17T13:17:18","slug":"taie-doreiller-denfant-ancienne-brodee-5","status":"publish","type":"product","link":"https:\/\/marneantic.com\/index.php\/produit\/taie-doreiller-denfant-ancienne-brodee-5\/","title":{"rendered":"Taie d&rsquo;oreiller d&rsquo;enfant ancienne brod\u00e9e"},"content":{"rendered":"","protected":false},"excerpt":{"rendered":"<p><strong>Taie d&rsquo;oreiller d&rsquo;enfant ancienne brod\u00e9e, couleur rose et blanc, en tr\u00e8s bon \u00e9tat, linge v\u00e9rifi\u00e9 sortie d&rsquo;armoire ancienne<\/strong><\/p>\n<div><strong>largeur:55cm<\/strong><\/div>\n<div><strong>hauteur:44cm<\/strong><\/div>\n","protected":false},"featured_media":27145,"comment_status":"open","ping_status":"closed","template":"","meta":{"_et_pb_use_builder":"","_et_pb_old_content":"","_et_gb_content_width":""},"product_cat":[33],"product_tag":[],"_links":{"self":[{"href":"https:\/\/marneantic.com\/index.php\/wp-json\/wp\/v2\/product\/27144"}],"collection":[{"href":"https:\/\/marneantic.com\/index.php\/wp-json\/wp\/v2\/product"}],"about":[{"href":"https:\/\/marneantic.com\/index.php\/wp-json\/wp\/v2\/types\/product"}],"replies":[{"embeddable":true,"href":"https:\/\/marneantic.com\/index.php\/wp-json\/wp\/v2\/comments?post=27144"}],"wp:featuredmedia":[{"embeddable":true,"href":"https:\/\/marneantic.com\/index.php\/wp-json\/wp\/v2\/media\/27145"}],"wp:attachment":[{"href":"https:\/\/marneantic.com\/index.php\/wp-json\/wp\/v2\/media?parent=27144"}],"wp:term":[{"taxonomy":"product_cat","embeddable":true,"href":"https:\/\/marneantic.com\/index.php\/wp-json\/wp\/v2\/product_cat?post=27144"},{"taxonomy":"product_tag","embeddable":true,"href":"https:\/\/marneantic.com\/index.php\/wp-json\/wp\/v2\/product_tag?post=27144"}],"curies":[{"name":"wp","href":"https:\/\/api.w.org\/{rel}","templated":true}]}}