{"id":27153,"date":"2025-10-17T14:43:53","date_gmt":"2025-10-17T13:43:53","guid":{"rendered":"https:\/\/marneantic.com\/?post_type=product&#038;p=27153"},"modified":"2025-10-17T14:54:09","modified_gmt":"2025-10-17T13:54:09","slug":"10-flutes-a-champagne-vintage-couleur-ambre","status":"publish","type":"product","link":"https:\/\/marneantic.com\/index.php\/produit\/10-flutes-a-champagne-vintage-couleur-ambre\/","title":{"rendered":"10 flutes a champagne vintage couleur ambre"},"content":{"rendered":"","protected":false},"excerpt":{"rendered":"<p><strong>10 flutes a champagne vintage couleur ambre en verre tr\u00e8s \u00e9pais, en tr\u00e8s bon \u00e9tat<\/strong><\/p>\n<div><strong><span style=\"font-size: large;\"><span style=\"font-family: Arial;\">hauteur:16.8cm<\/span><\/span><\/strong><\/div>\n<div><strong><span style=\"font-size: large;\"><span style=\"font-family: Arial;\">diam\u00e8tre du buvant:5.7cm<\/span><\/span><\/strong><\/div>\n<div><strong><span style=\"font-size: large;\"><span style=\"font-family: Arial;\">diam\u00e8tre du pied:7.3cm<\/span><\/span><\/strong><\/div>\n","protected":false},"featured_media":27154,"comment_status":"closed","ping_status":"closed","template":"","meta":{"_et_pb_use_builder":"","_et_pb_old_content":"","_et_gb_content_width":""},"product_cat":[10,16,11],"product_tag":[],"_links":{"self":[{"href":"https:\/\/marneantic.com\/index.php\/wp-json\/wp\/v2\/product\/27153"}],"collection":[{"href":"https:\/\/marneantic.com\/index.php\/wp-json\/wp\/v2\/product"}],"about":[{"href":"https:\/\/marneantic.com\/index.php\/wp-json\/wp\/v2\/types\/product"}],"replies":[{"embeddable":true,"href":"https:\/\/marneantic.com\/index.php\/wp-json\/wp\/v2\/comments?post=27153"}],"wp:featuredmedia":[{"embeddable":true,"href":"https:\/\/marneantic.com\/index.php\/wp-json\/wp\/v2\/media\/27154"}],"wp:attachment":[{"href":"https:\/\/marneantic.com\/index.php\/wp-json\/wp\/v2\/media?parent=27153"}],"wp:term":[{"taxonomy":"product_cat","embeddable":true,"href":"https:\/\/marneantic.com\/index.php\/wp-json\/wp\/v2\/product_cat?post=27153"},{"taxonomy":"product_tag","embeddable":true,"href":"https:\/\/marneantic.com\/index.php\/wp-json\/wp\/v2\/product_tag?post=27153"}],"curies":[{"name":"wp","href":"https:\/\/api.w.org\/{rel}","templated":true}]}}