{"id":27170,"date":"2025-10-21T10:42:51","date_gmt":"2025-10-21T09:42:51","guid":{"rendered":"https:\/\/marneantic.com\/?post_type=product&#038;p=27170"},"modified":"2025-10-21T10:50:40","modified_gmt":"2025-10-21T09:50:40","slug":"suspension-ancienne-en-opaline-blanche-3","status":"publish","type":"product","link":"https:\/\/marneantic.com\/index.php\/produit\/suspension-ancienne-en-opaline-blanche-3\/","title":{"rendered":"Suspension ancienne en opaline blanche"},"content":{"rendered":"","protected":false},"excerpt":{"rendered":"<p>Suspension ancienne en opaline blanche et rebord juponn\u00e9 transparent, en tr\u00e8s bon \u00e9tat, \u00e9lectricit\u00e9 refaite, fournie sans ampoule, fil de 45cm. Diam\u00e8tre: 25.5cm.<\/p>\n","protected":false},"featured_media":27174,"comment_status":"open","ping_status":"closed","template":"","meta":{"_et_pb_use_builder":"","_et_pb_old_content":"","_et_gb_content_width":""},"product_cat":[24,16],"product_tag":[],"_links":{"self":[{"href":"https:\/\/marneantic.com\/index.php\/wp-json\/wp\/v2\/product\/27170"}],"collection":[{"href":"https:\/\/marneantic.com\/index.php\/wp-json\/wp\/v2\/product"}],"about":[{"href":"https:\/\/marneantic.com\/index.php\/wp-json\/wp\/v2\/types\/product"}],"replies":[{"embeddable":true,"href":"https:\/\/marneantic.com\/index.php\/wp-json\/wp\/v2\/comments?post=27170"}],"wp:featuredmedia":[{"embeddable":true,"href":"https:\/\/marneantic.com\/index.php\/wp-json\/wp\/v2\/media\/27174"}],"wp:attachment":[{"href":"https:\/\/marneantic.com\/index.php\/wp-json\/wp\/v2\/media?parent=27170"}],"wp:term":[{"taxonomy":"product_cat","embeddable":true,"href":"https:\/\/marneantic.com\/index.php\/wp-json\/wp\/v2\/product_cat?post=27170"},{"taxonomy":"product_tag","embeddable":true,"href":"https:\/\/marneantic.com\/index.php\/wp-json\/wp\/v2\/product_tag?post=27170"}],"curies":[{"name":"wp","href":"https:\/\/api.w.org\/{rel}","templated":true}]}}