{"id":27181,"date":"2025-10-21T14:02:01","date_gmt":"2025-10-21T13:02:01","guid":{"rendered":"https:\/\/marneantic.com\/?post_type=product&#038;p=27181"},"modified":"2025-10-21T14:41:54","modified_gmt":"2025-10-21T13:41:54","slug":"grand-cendrier-de-comptoir-publicitaire-ancien-cigarettes-ariel","status":"publish","type":"product","link":"https:\/\/marneantic.com\/index.php\/produit\/grand-cendrier-de-comptoir-publicitaire-ancien-cigarettes-ariel\/","title":{"rendered":"Grand cendrier de comptoir publicitaire ancien \u00ab\u00a0cigarettes ARIEL\u00a0\u00bb"},"content":{"rendered":"","protected":false},"excerpt":{"rendered":"<p>Grand cendrier de comptoir publicitaire ancien \u00ab\u00a0cigarettes ARIEL\u00a0\u00bb en fa\u00efence de Longchamp, en tr\u00e8s bon \u00e9tat, dimensions:19x19cm, hauteur:6cm<\/p>\n","protected":false},"featured_media":27182,"comment_status":"closed","ping_status":"closed","template":"","meta":{"_et_pb_use_builder":"","_et_pb_old_content":"","_et_gb_content_width":""},"product_cat":[15],"product_tag":[],"_links":{"self":[{"href":"https:\/\/marneantic.com\/index.php\/wp-json\/wp\/v2\/product\/27181"}],"collection":[{"href":"https:\/\/marneantic.com\/index.php\/wp-json\/wp\/v2\/product"}],"about":[{"href":"https:\/\/marneantic.com\/index.php\/wp-json\/wp\/v2\/types\/product"}],"replies":[{"embeddable":true,"href":"https:\/\/marneantic.com\/index.php\/wp-json\/wp\/v2\/comments?post=27181"}],"wp:featuredmedia":[{"embeddable":true,"href":"https:\/\/marneantic.com\/index.php\/wp-json\/wp\/v2\/media\/27182"}],"wp:attachment":[{"href":"https:\/\/marneantic.com\/index.php\/wp-json\/wp\/v2\/media?parent=27181"}],"wp:term":[{"taxonomy":"product_cat","embeddable":true,"href":"https:\/\/marneantic.com\/index.php\/wp-json\/wp\/v2\/product_cat?post=27181"},{"taxonomy":"product_tag","embeddable":true,"href":"https:\/\/marneantic.com\/index.php\/wp-json\/wp\/v2\/product_tag?post=27181"}],"curies":[{"name":"wp","href":"https:\/\/api.w.org\/{rel}","templated":true}]}}