{"id":27189,"date":"2025-10-23T13:17:27","date_gmt":"2025-10-23T12:17:27","guid":{"rendered":"https:\/\/marneantic.com\/?post_type=product&#038;p=27189"},"modified":"2025-10-23T13:23:17","modified_gmt":"2025-10-23T12:23:17","slug":"taie-doreiller-denfant-ancienne-brodee-6","status":"publish","type":"product","link":"https:\/\/marneantic.com\/index.php\/produit\/taie-doreiller-denfant-ancienne-brodee-6\/","title":{"rendered":"Taie d&rsquo;oreiller d&rsquo;enfant ancienne brod\u00e9e"},"content":{"rendered":"","protected":false},"excerpt":{"rendered":"<p><strong>Taie d&rsquo;oreiller d&rsquo;enfant ancienne brod\u00e9e, couleur rose et blanc, en tr\u00e8s bon \u00e9tat, linge v\u00e9rifi\u00e9 sortie d&rsquo;armoire ancienne<\/strong><\/p>\n<div><strong>largeur:53cm<\/strong><\/div>\n<div><strong>hauteur:42cm<\/strong><\/div>\n","protected":false},"featured_media":27190,"comment_status":"open","ping_status":"closed","template":"","meta":{"_et_pb_use_builder":"","_et_pb_old_content":"","_et_gb_content_width":""},"product_cat":[33],"product_tag":[],"_links":{"self":[{"href":"https:\/\/marneantic.com\/index.php\/wp-json\/wp\/v2\/product\/27189"}],"collection":[{"href":"https:\/\/marneantic.com\/index.php\/wp-json\/wp\/v2\/product"}],"about":[{"href":"https:\/\/marneantic.com\/index.php\/wp-json\/wp\/v2\/types\/product"}],"replies":[{"embeddable":true,"href":"https:\/\/marneantic.com\/index.php\/wp-json\/wp\/v2\/comments?post=27189"}],"wp:featuredmedia":[{"embeddable":true,"href":"https:\/\/marneantic.com\/index.php\/wp-json\/wp\/v2\/media\/27190"}],"wp:attachment":[{"href":"https:\/\/marneantic.com\/index.php\/wp-json\/wp\/v2\/media?parent=27189"}],"wp:term":[{"taxonomy":"product_cat","embeddable":true,"href":"https:\/\/marneantic.com\/index.php\/wp-json\/wp\/v2\/product_cat?post=27189"},{"taxonomy":"product_tag","embeddable":true,"href":"https:\/\/marneantic.com\/index.php\/wp-json\/wp\/v2\/product_tag?post=27189"}],"curies":[{"name":"wp","href":"https:\/\/api.w.org\/{rel}","templated":true}]}}