{"id":27196,"date":"2025-10-23T13:40:27","date_gmt":"2025-10-23T12:40:27","guid":{"rendered":"https:\/\/marneantic.com\/?post_type=product&#038;p=27196"},"modified":"2025-10-23T13:46:17","modified_gmt":"2025-10-23T12:46:17","slug":"benitier-mural-ancien-en-bois-et-metal-argente","status":"publish","type":"product","link":"https:\/\/marneantic.com\/index.php\/produit\/benitier-mural-ancien-en-bois-et-metal-argente\/","title":{"rendered":"B\u00e9nitier mural ancien en bois et m\u00e9tal argent\u00e9"},"content":{"rendered":"","protected":false},"excerpt":{"rendered":"<p>B\u00e9nitier mural ancien en bois et m\u00e9tal argent\u00e9, en bon \u00e9tat, hauteur:20.5cm,largeur:11.8cm<\/p>\n","protected":false},"featured_media":27197,"comment_status":"open","ping_status":"closed","template":"","meta":{"_et_pb_use_builder":"","_et_pb_old_content":"","_et_gb_content_width":""},"product_cat":[14],"product_tag":[],"_links":{"self":[{"href":"https:\/\/marneantic.com\/index.php\/wp-json\/wp\/v2\/product\/27196"}],"collection":[{"href":"https:\/\/marneantic.com\/index.php\/wp-json\/wp\/v2\/product"}],"about":[{"href":"https:\/\/marneantic.com\/index.php\/wp-json\/wp\/v2\/types\/product"}],"replies":[{"embeddable":true,"href":"https:\/\/marneantic.com\/index.php\/wp-json\/wp\/v2\/comments?post=27196"}],"wp:featuredmedia":[{"embeddable":true,"href":"https:\/\/marneantic.com\/index.php\/wp-json\/wp\/v2\/media\/27197"}],"wp:attachment":[{"href":"https:\/\/marneantic.com\/index.php\/wp-json\/wp\/v2\/media?parent=27196"}],"wp:term":[{"taxonomy":"product_cat","embeddable":true,"href":"https:\/\/marneantic.com\/index.php\/wp-json\/wp\/v2\/product_cat?post=27196"},{"taxonomy":"product_tag","embeddable":true,"href":"https:\/\/marneantic.com\/index.php\/wp-json\/wp\/v2\/product_tag?post=27196"}],"curies":[{"name":"wp","href":"https:\/\/api.w.org\/{rel}","templated":true}]}}