{"id":27201,"date":"2025-10-23T14:10:30","date_gmt":"2025-10-23T13:10:30","guid":{"rendered":"https:\/\/marneantic.com\/?post_type=product&#038;p=27201"},"modified":"2026-02-12T17:04:26","modified_gmt":"2026-02-12T16:04:26","slug":"gien-plat-de-service-ancien-en-faience-primefleur-modele-caroline","status":"publish","type":"product","link":"https:\/\/marneantic.com\/index.php\/produit\/gien-plat-de-service-ancien-en-faience-primefleur-modele-caroline\/","title":{"rendered":"GIEN &#8211; plat de service ancien en fa\u00efence Primefleur, mod\u00e8le Caroline"},"content":{"rendered":"","protected":false},"excerpt":{"rendered":"<div><strong>GIEN &#8211; plat de service ancien en fa\u00efence Primefleur, mod\u00e8le Caroline, en bon \u00e9tat, traces d&rsquo;usage<\/strong><\/div>\n<div><strong>dimensions: 33&#215;23.2cm<\/strong><\/div>\n<div><strong>hauteur: 3cm<\/strong><\/div>\n","protected":false},"featured_media":27202,"comment_status":"open","ping_status":"closed","template":"","meta":{"_et_pb_use_builder":"","_et_pb_old_content":"","_et_gb_content_width":""},"product_cat":[28,7,30],"product_tag":[],"_links":{"self":[{"href":"https:\/\/marneantic.com\/index.php\/wp-json\/wp\/v2\/product\/27201"}],"collection":[{"href":"https:\/\/marneantic.com\/index.php\/wp-json\/wp\/v2\/product"}],"about":[{"href":"https:\/\/marneantic.com\/index.php\/wp-json\/wp\/v2\/types\/product"}],"replies":[{"embeddable":true,"href":"https:\/\/marneantic.com\/index.php\/wp-json\/wp\/v2\/comments?post=27201"}],"wp:featuredmedia":[{"embeddable":true,"href":"https:\/\/marneantic.com\/index.php\/wp-json\/wp\/v2\/media\/27202"}],"wp:attachment":[{"href":"https:\/\/marneantic.com\/index.php\/wp-json\/wp\/v2\/media?parent=27201"}],"wp:term":[{"taxonomy":"product_cat","embeddable":true,"href":"https:\/\/marneantic.com\/index.php\/wp-json\/wp\/v2\/product_cat?post=27201"},{"taxonomy":"product_tag","embeddable":true,"href":"https:\/\/marneantic.com\/index.php\/wp-json\/wp\/v2\/product_tag?post=27201"}],"curies":[{"name":"wp","href":"https:\/\/api.w.org\/{rel}","templated":true}]}}