{"id":27223,"date":"2025-10-24T14:30:33","date_gmt":"2025-10-24T13:30:33","guid":{"rendered":"https:\/\/marneantic.com\/?post_type=product&#038;p=27223"},"modified":"2025-10-24T14:35:05","modified_gmt":"2025-10-24T13:35:05","slug":"coupe-sur-pied-ancienne-en-verre-moule-2","status":"publish","type":"product","link":"https:\/\/marneantic.com\/index.php\/produit\/coupe-sur-pied-ancienne-en-verre-moule-2\/","title":{"rendered":"Coupe sur pied ancienne en verre moul\u00e9"},"content":{"rendered":"","protected":false},"excerpt":{"rendered":"<p>coupe sur pied ancienne en verre moul\u00e9, en tr\u00e8s bon \u00e9tat,hauteur:11.5cm,diam\u00e8tre:9.5cm,diam\u00e8tre du pied:7.5cm<\/p>\n","protected":false},"featured_media":27224,"comment_status":"closed","ping_status":"closed","template":"","meta":{"_et_pb_use_builder":"","_et_pb_old_content":"","_et_gb_content_width":""},"product_cat":[13,10,14,8,11],"product_tag":[],"_links":{"self":[{"href":"https:\/\/marneantic.com\/index.php\/wp-json\/wp\/v2\/product\/27223"}],"collection":[{"href":"https:\/\/marneantic.com\/index.php\/wp-json\/wp\/v2\/product"}],"about":[{"href":"https:\/\/marneantic.com\/index.php\/wp-json\/wp\/v2\/types\/product"}],"replies":[{"embeddable":true,"href":"https:\/\/marneantic.com\/index.php\/wp-json\/wp\/v2\/comments?post=27223"}],"wp:featuredmedia":[{"embeddable":true,"href":"https:\/\/marneantic.com\/index.php\/wp-json\/wp\/v2\/media\/27224"}],"wp:attachment":[{"href":"https:\/\/marneantic.com\/index.php\/wp-json\/wp\/v2\/media?parent=27223"}],"wp:term":[{"taxonomy":"product_cat","embeddable":true,"href":"https:\/\/marneantic.com\/index.php\/wp-json\/wp\/v2\/product_cat?post=27223"},{"taxonomy":"product_tag","embeddable":true,"href":"https:\/\/marneantic.com\/index.php\/wp-json\/wp\/v2\/product_tag?post=27223"}],"curies":[{"name":"wp","href":"https:\/\/api.w.org\/{rel}","templated":true}]}}