{"id":27229,"date":"2025-10-26T15:50:06","date_gmt":"2025-10-26T14:50:06","guid":{"rendered":"https:\/\/marneantic.com\/?post_type=product&#038;p=27229"},"modified":"2026-01-18T10:07:22","modified_gmt":"2026-01-18T09:07:22","slug":"meuble-dangle-encoignure-art-deco","status":"publish","type":"product","link":"https:\/\/marneantic.com\/index.php\/produit\/meuble-dangle-encoignure-art-deco\/","title":{"rendered":"Meuble d&rsquo;angle\/encoignure art-d\u00e9co"},"content":{"rendered":"","protected":false},"excerpt":{"rendered":"<p>Meuble d&rsquo;angle\/encoignure art-d\u00e9co, 2 corps, partie haute vitr\u00e9e fa\u00e7on vitraux en superbe \u00e9tat, bronzes d&rsquo;ornements, partie basse avec tiroir pivotant, poign\u00e9es et ornement en bronze. Tr\u00e8s bon \u00e9tat, il manque dans un angle un petit morceau de baguette de retour(voir photos) les deux serrures fonctionnent. Largeur: 88.5cm, profondeur: 49cm, hauteur: 177cm. Structure en ch\u00eane, \u00e9tag\u00e8res et int\u00e9rieur en bois blanc. Les produits propos\u00e9s dans notre boutique sont anciens, ils peuvent pr\u00e9sent\u00e9s des traces d\u2019usure, d&rsquo;usage ou rayures qui donnent au produit son caract\u00e8re et son authenticit\u00e9, ils sont pr\u00e9sent\u00e9s au mieux dans la description, \u00e0 travers photos et textes, merci de bien les regarder. Les livraisons assur\u00e9es par nos soins se feront uniquement le samedi matin pour Paris et la petite couronne.<\/p>\n","protected":false},"featured_media":27230,"comment_status":"open","ping_status":"closed","template":"","meta":{"_et_pb_use_builder":"","_et_pb_old_content":"","_et_gb_content_width":""},"product_cat":[44,31,16,30],"product_tag":[],"_links":{"self":[{"href":"https:\/\/marneantic.com\/index.php\/wp-json\/wp\/v2\/product\/27229"}],"collection":[{"href":"https:\/\/marneantic.com\/index.php\/wp-json\/wp\/v2\/product"}],"about":[{"href":"https:\/\/marneantic.com\/index.php\/wp-json\/wp\/v2\/types\/product"}],"replies":[{"embeddable":true,"href":"https:\/\/marneantic.com\/index.php\/wp-json\/wp\/v2\/comments?post=27229"}],"wp:featuredmedia":[{"embeddable":true,"href":"https:\/\/marneantic.com\/index.php\/wp-json\/wp\/v2\/media\/27230"}],"wp:attachment":[{"href":"https:\/\/marneantic.com\/index.php\/wp-json\/wp\/v2\/media?parent=27229"}],"wp:term":[{"taxonomy":"product_cat","embeddable":true,"href":"https:\/\/marneantic.com\/index.php\/wp-json\/wp\/v2\/product_cat?post=27229"},{"taxonomy":"product_tag","embeddable":true,"href":"https:\/\/marneantic.com\/index.php\/wp-json\/wp\/v2\/product_tag?post=27229"}],"curies":[{"name":"wp","href":"https:\/\/api.w.org\/{rel}","templated":true}]}}