{"id":27248,"date":"2025-10-30T13:34:22","date_gmt":"2025-10-30T12:34:22","guid":{"rendered":"https:\/\/marneantic.com\/?post_type=product&#038;p=27248"},"modified":"2025-10-30T13:40:22","modified_gmt":"2025-10-30T12:40:22","slug":"lot-de-3-torchons-anciens-neufs","status":"publish","type":"product","link":"https:\/\/marneantic.com\/index.php\/produit\/lot-de-3-torchons-anciens-neufs\/","title":{"rendered":"Lot de 3 torchons anciens neufs"},"content":{"rendered":"","protected":false},"excerpt":{"rendered":"<p>Lot de 3 torchons anciens neufs, tous diff\u00e9rents, en tr\u00e8s bon \u00e9tat,dimensions:75x60cm<\/p>\n","protected":false},"featured_media":27249,"comment_status":"open","ping_status":"closed","template":"","meta":{"_et_pb_use_builder":"","_et_pb_old_content":"","_et_gb_content_width":""},"product_cat":[33],"product_tag":[],"_links":{"self":[{"href":"https:\/\/marneantic.com\/index.php\/wp-json\/wp\/v2\/product\/27248"}],"collection":[{"href":"https:\/\/marneantic.com\/index.php\/wp-json\/wp\/v2\/product"}],"about":[{"href":"https:\/\/marneantic.com\/index.php\/wp-json\/wp\/v2\/types\/product"}],"replies":[{"embeddable":true,"href":"https:\/\/marneantic.com\/index.php\/wp-json\/wp\/v2\/comments?post=27248"}],"wp:featuredmedia":[{"embeddable":true,"href":"https:\/\/marneantic.com\/index.php\/wp-json\/wp\/v2\/media\/27249"}],"wp:attachment":[{"href":"https:\/\/marneantic.com\/index.php\/wp-json\/wp\/v2\/media?parent=27248"}],"wp:term":[{"taxonomy":"product_cat","embeddable":true,"href":"https:\/\/marneantic.com\/index.php\/wp-json\/wp\/v2\/product_cat?post=27248"},{"taxonomy":"product_tag","embeddable":true,"href":"https:\/\/marneantic.com\/index.php\/wp-json\/wp\/v2\/product_tag?post=27248"}],"curies":[{"name":"wp","href":"https:\/\/api.w.org\/{rel}","templated":true}]}}