{"id":27253,"date":"2025-10-30T15:06:39","date_gmt":"2025-10-30T14:06:39","guid":{"rendered":"https:\/\/marneantic.com\/?post_type=product&#038;p=27253"},"modified":"2025-10-30T15:10:25","modified_gmt":"2025-10-30T14:10:25","slug":"aquarelle-ancienne-yves-de-mare-1924-1988-paysage-des-baronnies","status":"publish","type":"product","link":"https:\/\/marneantic.com\/index.php\/produit\/aquarelle-ancienne-yves-de-mare-1924-1988-paysage-des-baronnies\/","title":{"rendered":"Aquarelle ancienne &#8211; Yves DE MARE (1924 &#8211; 1988) &#8211; paysage des Baronnies"},"content":{"rendered":"","protected":false},"excerpt":{"rendered":"<p><span style=\"font-family: Arial;\"><b>Aquarelle ancienne &#8211; Yves DE MARE (1924 &#8211; 1988) &#8211; paysage des Baronnies<\/b><\/span><b>, en tr\u00e8s bon \u00e9tat<\/b><\/p>\n<p><b>sign\u00e9e et l\u00e9gend\u00e9e<\/b><\/p>\n<div><b>dimension :63x49cm<\/b><\/div>\n","protected":false},"featured_media":27254,"comment_status":"open","ping_status":"closed","template":"","meta":{"_et_pb_use_builder":"","_et_pb_old_content":"","_et_gb_content_width":""},"product_cat":[47],"product_tag":[],"_links":{"self":[{"href":"https:\/\/marneantic.com\/index.php\/wp-json\/wp\/v2\/product\/27253"}],"collection":[{"href":"https:\/\/marneantic.com\/index.php\/wp-json\/wp\/v2\/product"}],"about":[{"href":"https:\/\/marneantic.com\/index.php\/wp-json\/wp\/v2\/types\/product"}],"replies":[{"embeddable":true,"href":"https:\/\/marneantic.com\/index.php\/wp-json\/wp\/v2\/comments?post=27253"}],"wp:featuredmedia":[{"embeddable":true,"href":"https:\/\/marneantic.com\/index.php\/wp-json\/wp\/v2\/media\/27254"}],"wp:attachment":[{"href":"https:\/\/marneantic.com\/index.php\/wp-json\/wp\/v2\/media?parent=27253"}],"wp:term":[{"taxonomy":"product_cat","embeddable":true,"href":"https:\/\/marneantic.com\/index.php\/wp-json\/wp\/v2\/product_cat?post=27253"},{"taxonomy":"product_tag","embeddable":true,"href":"https:\/\/marneantic.com\/index.php\/wp-json\/wp\/v2\/product_tag?post=27253"}],"curies":[{"name":"wp","href":"https:\/\/api.w.org\/{rel}","templated":true}]}}