{"id":27272,"date":"2025-10-31T15:53:20","date_gmt":"2025-10-31T14:53:20","guid":{"rendered":"https:\/\/marneantic.com\/?post_type=product&#038;p=27272"},"modified":"2025-10-31T15:55:13","modified_gmt":"2025-10-31T14:55:13","slug":"aquarelle-1980-feuilleton-les-fiancees-de-lempire-tenue-de-voyage-clarisse","status":"publish","type":"product","link":"https:\/\/marneantic.com\/index.php\/produit\/aquarelle-1980-feuilleton-les-fiancees-de-lempire-tenue-de-voyage-clarisse\/","title":{"rendered":"Aquarelle 1980 &#8211; feuilleton les fianc\u00e9es de l&#8217;empire &#8211; tenue de voyage clarisse"},"content":{"rendered":"","protected":false},"excerpt":{"rendered":"<p><strong><span style=\"font-family: Arial; font-size: large;\">Grande aquarelle sur carton de 1980\u00a0 pour le feuilleton les fianc\u00e9es de l&#8217;empire(1981) &#8211; Clarisse et Odile de Jacques Doniol Valcroze\u00a0&#8211; tenue de voyage de clarisse Duruy(Yolande Folliot)\u00a0en bon \u00e9tat<\/span><\/strong><\/p>\n<p><strong><span style=\"font-family: Arial; font-size: large;\">sign\u00e9e et l\u00e9gend\u00e9e<\/span><\/strong><\/p>\n<div><strong><span style=\"font-family: Arial; font-size: large;\">dimension :64&#215;49.5cm<\/span><\/strong><\/div>\n","protected":false},"featured_media":27273,"comment_status":"open","ping_status":"closed","template":"","meta":{"_et_pb_use_builder":"","_et_pb_old_content":"","_et_gb_content_width":""},"product_cat":[47],"product_tag":[],"_links":{"self":[{"href":"https:\/\/marneantic.com\/index.php\/wp-json\/wp\/v2\/product\/27272"}],"collection":[{"href":"https:\/\/marneantic.com\/index.php\/wp-json\/wp\/v2\/product"}],"about":[{"href":"https:\/\/marneantic.com\/index.php\/wp-json\/wp\/v2\/types\/product"}],"replies":[{"embeddable":true,"href":"https:\/\/marneantic.com\/index.php\/wp-json\/wp\/v2\/comments?post=27272"}],"wp:featuredmedia":[{"embeddable":true,"href":"https:\/\/marneantic.com\/index.php\/wp-json\/wp\/v2\/media\/27273"}],"wp:attachment":[{"href":"https:\/\/marneantic.com\/index.php\/wp-json\/wp\/v2\/media?parent=27272"}],"wp:term":[{"taxonomy":"product_cat","embeddable":true,"href":"https:\/\/marneantic.com\/index.php\/wp-json\/wp\/v2\/product_cat?post=27272"},{"taxonomy":"product_tag","embeddable":true,"href":"https:\/\/marneantic.com\/index.php\/wp-json\/wp\/v2\/product_tag?post=27272"}],"curies":[{"name":"wp","href":"https:\/\/api.w.org\/{rel}","templated":true}]}}