{"id":27277,"date":"2025-11-03T14:25:35","date_gmt":"2025-11-03T13:25:35","guid":{"rendered":"https:\/\/marneantic.com\/?post_type=product&#038;p=27277"},"modified":"2025-11-30T15:33:42","modified_gmt":"2025-11-30T14:33:42","slug":"nappe-ancienne-130x130cm","status":"publish","type":"product","link":"https:\/\/marneantic.com\/index.php\/produit\/nappe-ancienne-130x130cm\/","title":{"rendered":"Nappe ancienne :130x130cm"},"content":{"rendered":"","protected":false},"excerpt":{"rendered":"<p>nappe ancienne ann\u00e9es 50\/60&prime;, en tr\u00e8s bon \u00e9tat, dimensions:130x130cm. Linge lav\u00e9, v\u00e9rifi\u00e9 et repass\u00e9, sortie d&rsquo;armoire ancienne, il peut n\u00e9anmoins subsister sur notre linge ancien de petites taches qui auraient \u00e9chapp\u00e9es a notre lavage<\/p>\n","protected":false},"featured_media":27278,"comment_status":"open","ping_status":"closed","template":"","meta":{"_et_pb_use_builder":"","_et_pb_old_content":"","_et_gb_content_width":""},"product_cat":[33,30],"product_tag":[],"_links":{"self":[{"href":"https:\/\/marneantic.com\/index.php\/wp-json\/wp\/v2\/product\/27277"}],"collection":[{"href":"https:\/\/marneantic.com\/index.php\/wp-json\/wp\/v2\/product"}],"about":[{"href":"https:\/\/marneantic.com\/index.php\/wp-json\/wp\/v2\/types\/product"}],"replies":[{"embeddable":true,"href":"https:\/\/marneantic.com\/index.php\/wp-json\/wp\/v2\/comments?post=27277"}],"wp:featuredmedia":[{"embeddable":true,"href":"https:\/\/marneantic.com\/index.php\/wp-json\/wp\/v2\/media\/27278"}],"wp:attachment":[{"href":"https:\/\/marneantic.com\/index.php\/wp-json\/wp\/v2\/media?parent=27277"}],"wp:term":[{"taxonomy":"product_cat","embeddable":true,"href":"https:\/\/marneantic.com\/index.php\/wp-json\/wp\/v2\/product_cat?post=27277"},{"taxonomy":"product_tag","embeddable":true,"href":"https:\/\/marneantic.com\/index.php\/wp-json\/wp\/v2\/product_tag?post=27277"}],"curies":[{"name":"wp","href":"https:\/\/api.w.org\/{rel}","templated":true}]}}