{"id":27295,"date":"2025-11-06T14:36:36","date_gmt":"2025-11-06T13:36:36","guid":{"rendered":"https:\/\/marneantic.com\/?post_type=product&#038;p=27295"},"modified":"2025-12-27T09:22:49","modified_gmt":"2025-12-27T08:22:49","slug":"seau-a-champagne-art-deco-ancien-en-metal-chrome","status":"publish","type":"product","link":"https:\/\/marneantic.com\/index.php\/produit\/seau-a-champagne-art-deco-ancien-en-metal-chrome\/","title":{"rendered":"Seau a champagne art deco ancien en m\u00e9tal chrom\u00e9"},"content":{"rendered":"","protected":false},"excerpt":{"rendered":"<div><strong>Seau a champagne art deco ancien en m\u00e9tal chrom\u00e9 et poign\u00e9es rondes en palissandre, en bon \u00e9tat, traces d&rsquo;usage<\/strong><\/div>\n<p><strong>\u00a0hauteur: 19.2cm, diam\u00e8tre: 18.5cm<\/strong><\/p>\n","protected":false},"featured_media":27297,"comment_status":"open","ping_status":"closed","template":"","meta":{"_et_pb_use_builder":"","_et_pb_old_content":"","_et_gb_content_width":""},"product_cat":[13,10,44,30],"product_tag":[],"_links":{"self":[{"href":"https:\/\/marneantic.com\/index.php\/wp-json\/wp\/v2\/product\/27295"}],"collection":[{"href":"https:\/\/marneantic.com\/index.php\/wp-json\/wp\/v2\/product"}],"about":[{"href":"https:\/\/marneantic.com\/index.php\/wp-json\/wp\/v2\/types\/product"}],"replies":[{"embeddable":true,"href":"https:\/\/marneantic.com\/index.php\/wp-json\/wp\/v2\/comments?post=27295"}],"wp:featuredmedia":[{"embeddable":true,"href":"https:\/\/marneantic.com\/index.php\/wp-json\/wp\/v2\/media\/27297"}],"wp:attachment":[{"href":"https:\/\/marneantic.com\/index.php\/wp-json\/wp\/v2\/media?parent=27295"}],"wp:term":[{"taxonomy":"product_cat","embeddable":true,"href":"https:\/\/marneantic.com\/index.php\/wp-json\/wp\/v2\/product_cat?post=27295"},{"taxonomy":"product_tag","embeddable":true,"href":"https:\/\/marneantic.com\/index.php\/wp-json\/wp\/v2\/product_tag?post=27295"}],"curies":[{"name":"wp","href":"https:\/\/api.w.org\/{rel}","templated":true}]}}