{"id":27300,"date":"2025-11-06T14:52:50","date_gmt":"2025-11-06T13:52:50","guid":{"rendered":"https:\/\/marneantic.com\/?post_type=product&#038;p=27300"},"modified":"2025-11-26T14:06:29","modified_gmt":"2025-11-26T13:06:29","slug":"porte-photo-art-deco-en-metal-chrome-2","status":"publish","type":"product","link":"https:\/\/marneantic.com\/index.php\/produit\/porte-photo-art-deco-en-metal-chrome-2\/","title":{"rendered":"Porte-photo art-d\u00e9co en m\u00e9tal chrom\u00e9"},"content":{"rendered":"","protected":false},"excerpt":{"rendered":"<p><span style=\"font-size: large;\">Porte-photo art-d\u00e9co en m\u00e9tal chrom\u00e9, en bon \u00e9tat, avec verres (petits \u00e9clats sur les rebords des verres mais dans la partie rentrante donc invisible)<\/span><\/p>\n<div><span style=\"font-size: large;\">dimension socle:12.4x4cm, hauteur: 14.8cm<\/span><\/div>\n<div><span style=\"font-family: Arial; font-size: large;\">dimensions des verres: 14x9cm<\/span><\/div>\n","protected":false},"featured_media":27301,"comment_status":"open","ping_status":"closed","template":"","meta":{"_et_pb_use_builder":"","_et_pb_old_content":"","_et_gb_content_width":""},"product_cat":[44,8,30],"product_tag":[],"_links":{"self":[{"href":"https:\/\/marneantic.com\/index.php\/wp-json\/wp\/v2\/product\/27300"}],"collection":[{"href":"https:\/\/marneantic.com\/index.php\/wp-json\/wp\/v2\/product"}],"about":[{"href":"https:\/\/marneantic.com\/index.php\/wp-json\/wp\/v2\/types\/product"}],"replies":[{"embeddable":true,"href":"https:\/\/marneantic.com\/index.php\/wp-json\/wp\/v2\/comments?post=27300"}],"wp:featuredmedia":[{"embeddable":true,"href":"https:\/\/marneantic.com\/index.php\/wp-json\/wp\/v2\/media\/27301"}],"wp:attachment":[{"href":"https:\/\/marneantic.com\/index.php\/wp-json\/wp\/v2\/media?parent=27300"}],"wp:term":[{"taxonomy":"product_cat","embeddable":true,"href":"https:\/\/marneantic.com\/index.php\/wp-json\/wp\/v2\/product_cat?post=27300"},{"taxonomy":"product_tag","embeddable":true,"href":"https:\/\/marneantic.com\/index.php\/wp-json\/wp\/v2\/product_tag?post=27300"}],"curies":[{"name":"wp","href":"https:\/\/api.w.org\/{rel}","templated":true}]}}