{"id":2732,"date":"2016-12-02T15:45:22","date_gmt":"2016-12-02T14:45:22","guid":{"rendered":"http:\/\/marneantic.com\/?post_type=product&#038;p=2732"},"modified":"2016-12-02T15:45:22","modified_gmt":"2016-12-02T14:45:22","slug":"grand-pot-a-pharmacie-ancien-en-porcelainepomat-elmerich","status":"publish","type":"product","link":"https:\/\/marneantic.com\/index.php\/produit\/grand-pot-a-pharmacie-ancien-en-porcelainepomat-elmerich\/","title":{"rendered":"Grand pot a pharmacie ancien en porcelaine\u00a0\u00bbpomat elmerich\u00a0\u00bb"},"content":{"rendered":"","protected":false},"excerpt":{"rendered":"<p>Grand pot a pharmacie ancien en porcelaine\u00a0\u00bbpomat elmerich\u00a0\u00bbtres \u00e9pais,origine inconnue,aucune marque de fabrique,en tres bon \u00e9tat,a signaler un petit \u00e9clat(photo2)sur le rebord du couvercle hauteur:28cm diametre au socle:12.5cm<\/p>\n","protected":false},"featured_media":2733,"comment_status":"closed","ping_status":"closed","template":"","meta":{"_et_pb_use_builder":"","_et_pb_old_content":"","_et_gb_content_width":""},"product_cat":[14,8],"product_tag":[],"_links":{"self":[{"href":"https:\/\/marneantic.com\/index.php\/wp-json\/wp\/v2\/product\/2732"}],"collection":[{"href":"https:\/\/marneantic.com\/index.php\/wp-json\/wp\/v2\/product"}],"about":[{"href":"https:\/\/marneantic.com\/index.php\/wp-json\/wp\/v2\/types\/product"}],"replies":[{"embeddable":true,"href":"https:\/\/marneantic.com\/index.php\/wp-json\/wp\/v2\/comments?post=2732"}],"wp:featuredmedia":[{"embeddable":true,"href":"https:\/\/marneantic.com\/index.php\/wp-json\/wp\/v2\/media\/2733"}],"wp:attachment":[{"href":"https:\/\/marneantic.com\/index.php\/wp-json\/wp\/v2\/media?parent=2732"}],"wp:term":[{"taxonomy":"product_cat","embeddable":true,"href":"https:\/\/marneantic.com\/index.php\/wp-json\/wp\/v2\/product_cat?post=2732"},{"taxonomy":"product_tag","embeddable":true,"href":"https:\/\/marneantic.com\/index.php\/wp-json\/wp\/v2\/product_tag?post=2732"}],"curies":[{"name":"wp","href":"https:\/\/api.w.org\/{rel}","templated":true}]}}