{"id":27334,"date":"2025-12-03T16:35:07","date_gmt":"2025-12-03T15:35:07","guid":{"rendered":"https:\/\/marneantic.com\/?post_type=product&#038;p=27334"},"modified":"2025-12-03T16:43:08","modified_gmt":"2025-12-03T15:43:08","slug":"taie-doreiller-ancienne-brodee-monogrammee-75x75cm","status":"publish","type":"product","link":"https:\/\/marneantic.com\/index.php\/produit\/taie-doreiller-ancienne-brodee-monogrammee-75x75cm\/","title":{"rendered":"Taie d&rsquo;oreiller ancienne brod\u00e9e\/monogramm\u00e9e: 75x75cm"},"content":{"rendered":"","protected":false},"excerpt":{"rendered":"<p>Taie d&rsquo;oreiller ancienne brod\u00e9e\/monogramm\u00e9e LA: 75x75cm, en tr\u00e8s bon \u00e9tat<br \/>\nlinge sorti d&rsquo;armoire ancienne, lav\u00e9 v\u00e9rifi\u00e9 et repass\u00e9<\/p>\n","protected":false},"featured_media":27339,"comment_status":"open","ping_status":"closed","template":"","meta":{"_et_pb_use_builder":"","_et_pb_old_content":"","_et_gb_content_width":""},"product_cat":[33],"product_tag":[],"_links":{"self":[{"href":"https:\/\/marneantic.com\/index.php\/wp-json\/wp\/v2\/product\/27334"}],"collection":[{"href":"https:\/\/marneantic.com\/index.php\/wp-json\/wp\/v2\/product"}],"about":[{"href":"https:\/\/marneantic.com\/index.php\/wp-json\/wp\/v2\/types\/product"}],"replies":[{"embeddable":true,"href":"https:\/\/marneantic.com\/index.php\/wp-json\/wp\/v2\/comments?post=27334"}],"wp:featuredmedia":[{"embeddable":true,"href":"https:\/\/marneantic.com\/index.php\/wp-json\/wp\/v2\/media\/27339"}],"wp:attachment":[{"href":"https:\/\/marneantic.com\/index.php\/wp-json\/wp\/v2\/media?parent=27334"}],"wp:term":[{"taxonomy":"product_cat","embeddable":true,"href":"https:\/\/marneantic.com\/index.php\/wp-json\/wp\/v2\/product_cat?post=27334"},{"taxonomy":"product_tag","embeddable":true,"href":"https:\/\/marneantic.com\/index.php\/wp-json\/wp\/v2\/product_tag?post=27334"}],"curies":[{"name":"wp","href":"https:\/\/api.w.org\/{rel}","templated":true}]}}