{"id":27347,"date":"2025-12-09T14:48:01","date_gmt":"2025-12-09T13:48:01","guid":{"rendered":"https:\/\/marneantic.com\/?post_type=product&#038;p=27347"},"modified":"2025-12-09T14:58:14","modified_gmt":"2025-12-09T13:58:14","slug":"nappe-a-the-ancienne-brodee6serviettes-assorties","status":"publish","type":"product","link":"https:\/\/marneantic.com\/index.php\/produit\/nappe-a-the-ancienne-brodee6serviettes-assorties\/","title":{"rendered":"Nappe a th\u00e9 ancienne brod\u00e9e+6serviettes assorties"},"content":{"rendered":"","protected":false},"excerpt":{"rendered":"<p><span style=\"font-family: Arial;\">Nappe a th\u00e9 ancienne brod\u00e9e+6 serviettes assorties en tr\u00e8s bon \u00e9tat, linge lav\u00e9 et repass\u00e9, dimensions:85 x90cm, serviettes: 15x15cm<\/span><\/p>\n<div><\/div>\n","protected":false},"featured_media":27348,"comment_status":"open","ping_status":"closed","template":"","meta":{"_et_pb_use_builder":"","_et_pb_old_content":"","_et_gb_content_width":""},"product_cat":[33],"product_tag":[],"_links":{"self":[{"href":"https:\/\/marneantic.com\/index.php\/wp-json\/wp\/v2\/product\/27347"}],"collection":[{"href":"https:\/\/marneantic.com\/index.php\/wp-json\/wp\/v2\/product"}],"about":[{"href":"https:\/\/marneantic.com\/index.php\/wp-json\/wp\/v2\/types\/product"}],"replies":[{"embeddable":true,"href":"https:\/\/marneantic.com\/index.php\/wp-json\/wp\/v2\/comments?post=27347"}],"wp:featuredmedia":[{"embeddable":true,"href":"https:\/\/marneantic.com\/index.php\/wp-json\/wp\/v2\/media\/27348"}],"wp:attachment":[{"href":"https:\/\/marneantic.com\/index.php\/wp-json\/wp\/v2\/media?parent=27347"}],"wp:term":[{"taxonomy":"product_cat","embeddable":true,"href":"https:\/\/marneantic.com\/index.php\/wp-json\/wp\/v2\/product_cat?post=27347"},{"taxonomy":"product_tag","embeddable":true,"href":"https:\/\/marneantic.com\/index.php\/wp-json\/wp\/v2\/product_tag?post=27347"}],"curies":[{"name":"wp","href":"https:\/\/api.w.org\/{rel}","templated":true}]}}