{"id":27354,"date":"2025-12-11T15:39:09","date_gmt":"2025-12-11T14:39:09","guid":{"rendered":"https:\/\/marneantic.com\/?post_type=product&#038;p=27354"},"modified":"2025-12-11T15:48:36","modified_gmt":"2025-12-11T14:48:36","slug":"drap-ancien-en-coton300x210cm-monogramme-m-t-broderie-de-jours","status":"publish","type":"product","link":"https:\/\/marneantic.com\/index.php\/produit\/drap-ancien-en-coton300x210cm-monogramme-m-t-broderie-de-jours\/","title":{"rendered":"Drap ancien en coton:300x210cm &#8211; monogramm\u00e9 M.T &#8211; broderie de jours"},"content":{"rendered":"","protected":false},"excerpt":{"rendered":"<p>Drap ancien en coton:300x210cm, monogramm\u00e9 M.T et broderie de jours, en tr\u00e8s bon \u00e9tat, linge lav\u00e9, v\u00e9rifi\u00e9 et repass\u00e9, il peut toujours n\u00e9anmoins subsist\u00e9 quelques taches qui auraient \u00e9chapp\u00e9es a notre nettoyage<\/p>\n","protected":false},"featured_media":27355,"comment_status":"open","ping_status":"closed","template":"","meta":{"_et_pb_use_builder":"","_et_pb_old_content":"","_et_gb_content_width":""},"product_cat":[33],"product_tag":[],"_links":{"self":[{"href":"https:\/\/marneantic.com\/index.php\/wp-json\/wp\/v2\/product\/27354"}],"collection":[{"href":"https:\/\/marneantic.com\/index.php\/wp-json\/wp\/v2\/product"}],"about":[{"href":"https:\/\/marneantic.com\/index.php\/wp-json\/wp\/v2\/types\/product"}],"replies":[{"embeddable":true,"href":"https:\/\/marneantic.com\/index.php\/wp-json\/wp\/v2\/comments?post=27354"}],"wp:featuredmedia":[{"embeddable":true,"href":"https:\/\/marneantic.com\/index.php\/wp-json\/wp\/v2\/media\/27355"}],"wp:attachment":[{"href":"https:\/\/marneantic.com\/index.php\/wp-json\/wp\/v2\/media?parent=27354"}],"wp:term":[{"taxonomy":"product_cat","embeddable":true,"href":"https:\/\/marneantic.com\/index.php\/wp-json\/wp\/v2\/product_cat?post=27354"},{"taxonomy":"product_tag","embeddable":true,"href":"https:\/\/marneantic.com\/index.php\/wp-json\/wp\/v2\/product_tag?post=27354"}],"curies":[{"name":"wp","href":"https:\/\/api.w.org\/{rel}","templated":true}]}}