{"id":27368,"date":"2025-12-16T14:10:58","date_gmt":"2025-12-16T13:10:58","guid":{"rendered":"https:\/\/marneantic.com\/?post_type=product&#038;p=27368"},"modified":"2025-12-16T14:13:12","modified_gmt":"2025-12-16T13:13:12","slug":"seau-a-glacons-inox-annees-70","status":"publish","type":"product","link":"https:\/\/marneantic.com\/index.php\/produit\/seau-a-glacons-inox-annees-70\/","title":{"rendered":"Seau \u00e0 gla\u00e7ons inox ann\u00e9es 70&prime;"},"content":{"rendered":"","protected":false},"excerpt":{"rendered":"<p><span style=\"font-size: large;\"><span style=\"font-family: Arial;\">seau a gla\u00e7ons en inox des ann\u00e9es 70&prime; de marque \u00a0\u00bb Andr\u00e9 Leroy \u00a0\u00bb en bon \u00e9tat, forme ronde a pans coup\u00e9<\/span><\/span><\/p>\n<div><span style=\"font-size: large;\"><span style=\"font-family: Arial;\">hauteur:13.5cm<\/span><\/span><\/div>\n<div><span style=\"font-size: large;\"><span style=\"font-family: Arial;\">diametre:12.5cm<\/span><\/span><\/div>\n","protected":false},"featured_media":27369,"comment_status":"closed","ping_status":"closed","template":"","meta":{"_et_pb_use_builder":"","_et_pb_old_content":"","_et_gb_content_width":""},"product_cat":[13,10,16],"product_tag":[],"_links":{"self":[{"href":"https:\/\/marneantic.com\/index.php\/wp-json\/wp\/v2\/product\/27368"}],"collection":[{"href":"https:\/\/marneantic.com\/index.php\/wp-json\/wp\/v2\/product"}],"about":[{"href":"https:\/\/marneantic.com\/index.php\/wp-json\/wp\/v2\/types\/product"}],"replies":[{"embeddable":true,"href":"https:\/\/marneantic.com\/index.php\/wp-json\/wp\/v2\/comments?post=27368"}],"wp:featuredmedia":[{"embeddable":true,"href":"https:\/\/marneantic.com\/index.php\/wp-json\/wp\/v2\/media\/27369"}],"wp:attachment":[{"href":"https:\/\/marneantic.com\/index.php\/wp-json\/wp\/v2\/media?parent=27368"}],"wp:term":[{"taxonomy":"product_cat","embeddable":true,"href":"https:\/\/marneantic.com\/index.php\/wp-json\/wp\/v2\/product_cat?post=27368"},{"taxonomy":"product_tag","embeddable":true,"href":"https:\/\/marneantic.com\/index.php\/wp-json\/wp\/v2\/product_tag?post=27368"}],"curies":[{"name":"wp","href":"https:\/\/api.w.org\/{rel}","templated":true}]}}