{"id":27388,"date":"2025-12-16T14:47:19","date_gmt":"2025-12-16T13:47:19","guid":{"rendered":"https:\/\/marneantic.com\/?post_type=product&#038;p=27388"},"modified":"2025-12-16T14:52:01","modified_gmt":"2025-12-16T13:52:01","slug":"petit-pichet-a-lait-art-deco-ancien-en-porcelaine-de-limoges","status":"publish","type":"product","link":"https:\/\/marneantic.com\/index.php\/produit\/petit-pichet-a-lait-art-deco-ancien-en-porcelaine-de-limoges\/","title":{"rendered":"Petit pichet a lait art deco ancien en porcelaine de Limoges"},"content":{"rendered":"","protected":false},"excerpt":{"rendered":"<p>Petit pichet a lait art deco ancien en porcelaine de Limoges, en tr\u00e8s bon \u00e9tat, hauteur:5.8cm,diametre hors poign\u00e9es:5.4cm<\/p>\n","protected":false},"featured_media":27389,"comment_status":"closed","ping_status":"closed","template":"","meta":{"_et_pb_use_builder":"","_et_pb_old_content":"","_et_gb_content_width":""},"product_cat":[44,26,7],"product_tag":[],"_links":{"self":[{"href":"https:\/\/marneantic.com\/index.php\/wp-json\/wp\/v2\/product\/27388"}],"collection":[{"href":"https:\/\/marneantic.com\/index.php\/wp-json\/wp\/v2\/product"}],"about":[{"href":"https:\/\/marneantic.com\/index.php\/wp-json\/wp\/v2\/types\/product"}],"replies":[{"embeddable":true,"href":"https:\/\/marneantic.com\/index.php\/wp-json\/wp\/v2\/comments?post=27388"}],"wp:featuredmedia":[{"embeddable":true,"href":"https:\/\/marneantic.com\/index.php\/wp-json\/wp\/v2\/media\/27389"}],"wp:attachment":[{"href":"https:\/\/marneantic.com\/index.php\/wp-json\/wp\/v2\/media?parent=27388"}],"wp:term":[{"taxonomy":"product_cat","embeddable":true,"href":"https:\/\/marneantic.com\/index.php\/wp-json\/wp\/v2\/product_cat?post=27388"},{"taxonomy":"product_tag","embeddable":true,"href":"https:\/\/marneantic.com\/index.php\/wp-json\/wp\/v2\/product_tag?post=27388"}],"curies":[{"name":"wp","href":"https:\/\/api.w.org\/{rel}","templated":true}]}}