{"id":27401,"date":"2025-12-18T14:45:20","date_gmt":"2025-12-18T13:45:20","guid":{"rendered":"https:\/\/marneantic.com\/?post_type=product&#038;p=27401"},"modified":"2026-01-27T11:48:46","modified_gmt":"2026-01-27T10:48:46","slug":"nappe-a-the-ancienne-brodee-125x125cm","status":"publish","type":"product","link":"https:\/\/marneantic.com\/index.php\/produit\/nappe-a-the-ancienne-brodee-125x125cm\/","title":{"rendered":"Nappe a th\u00e9 ancienne brod\u00e9e 125x125cm"},"content":{"rendered":"","protected":false},"excerpt":{"rendered":"<p><span style=\"font-family: Arial;\">Nappe a th\u00e9 ancienne brod\u00e9e en tr\u00e8s bon \u00e9tat, linge lav\u00e9 et repass\u00e9, il peut n\u00e9anmoins subsister des petites taches qui auraient \u00e9chapp\u00e9es a notre lavage., dimensions:125 x125cm<\/span><\/p>\n<div><\/div>\n","protected":false},"featured_media":27402,"comment_status":"open","ping_status":"closed","template":"","meta":{"_et_pb_use_builder":"","_et_pb_old_content":"","_et_gb_content_width":""},"product_cat":[33,30],"product_tag":[],"_links":{"self":[{"href":"https:\/\/marneantic.com\/index.php\/wp-json\/wp\/v2\/product\/27401"}],"collection":[{"href":"https:\/\/marneantic.com\/index.php\/wp-json\/wp\/v2\/product"}],"about":[{"href":"https:\/\/marneantic.com\/index.php\/wp-json\/wp\/v2\/types\/product"}],"replies":[{"embeddable":true,"href":"https:\/\/marneantic.com\/index.php\/wp-json\/wp\/v2\/comments?post=27401"}],"wp:featuredmedia":[{"embeddable":true,"href":"https:\/\/marneantic.com\/index.php\/wp-json\/wp\/v2\/media\/27402"}],"wp:attachment":[{"href":"https:\/\/marneantic.com\/index.php\/wp-json\/wp\/v2\/media?parent=27401"}],"wp:term":[{"taxonomy":"product_cat","embeddable":true,"href":"https:\/\/marneantic.com\/index.php\/wp-json\/wp\/v2\/product_cat?post=27401"},{"taxonomy":"product_tag","embeddable":true,"href":"https:\/\/marneantic.com\/index.php\/wp-json\/wp\/v2\/product_tag?post=27401"}],"curies":[{"name":"wp","href":"https:\/\/api.w.org\/{rel}","templated":true}]}}