{"id":27415,"date":"2025-12-21T14:27:08","date_gmt":"2025-12-21T13:27:08","guid":{"rendered":"https:\/\/marneantic.com\/?post_type=product&#038;p=27415"},"modified":"2026-01-14T15:44:11","modified_gmt":"2026-01-14T14:44:11","slug":"petit-cadre-photo-ancien-en-laiton-debut-20eme","status":"publish","type":"product","link":"https:\/\/marneantic.com\/index.php\/produit\/petit-cadre-photo-ancien-en-laiton-debut-20eme\/","title":{"rendered":"Petit cadre photo ancien en laiton, d\u00e9but 20\u00e8me"},"content":{"rendered":"","protected":false},"excerpt":{"rendered":"<p>Petit cadre photo ancien en laiton a suspendre, d\u00e9but 20\u00e8me, avec photo d&rsquo;\u00e9poque<br \/>\nhauteur:12.2cm<br \/>\nlargeur:9cm<br \/>\ndimensions utiles:8.5&#215;5.5cm<\/p>\n","protected":false},"featured_media":27416,"comment_status":"open","ping_status":"closed","template":"","meta":{"_et_pb_use_builder":"","_et_pb_old_content":"","_et_gb_content_width":""},"product_cat":[8,30],"product_tag":[],"_links":{"self":[{"href":"https:\/\/marneantic.com\/index.php\/wp-json\/wp\/v2\/product\/27415"}],"collection":[{"href":"https:\/\/marneantic.com\/index.php\/wp-json\/wp\/v2\/product"}],"about":[{"href":"https:\/\/marneantic.com\/index.php\/wp-json\/wp\/v2\/types\/product"}],"replies":[{"embeddable":true,"href":"https:\/\/marneantic.com\/index.php\/wp-json\/wp\/v2\/comments?post=27415"}],"wp:featuredmedia":[{"embeddable":true,"href":"https:\/\/marneantic.com\/index.php\/wp-json\/wp\/v2\/media\/27416"}],"wp:attachment":[{"href":"https:\/\/marneantic.com\/index.php\/wp-json\/wp\/v2\/media?parent=27415"}],"wp:term":[{"taxonomy":"product_cat","embeddable":true,"href":"https:\/\/marneantic.com\/index.php\/wp-json\/wp\/v2\/product_cat?post=27415"},{"taxonomy":"product_tag","embeddable":true,"href":"https:\/\/marneantic.com\/index.php\/wp-json\/wp\/v2\/product_tag?post=27415"}],"curies":[{"name":"wp","href":"https:\/\/api.w.org\/{rel}","templated":true}]}}