{"id":27428,"date":"2025-12-21T15:05:46","date_gmt":"2025-12-21T14:05:46","guid":{"rendered":"https:\/\/marneantic.com\/?post_type=product&#038;p=27428"},"modified":"2025-12-21T15:07:43","modified_gmt":"2025-12-21T14:07:43","slug":"corbeille-ancienne-en-papier-mache-peint-a-decor-de-paon","status":"publish","type":"product","link":"https:\/\/marneantic.com\/index.php\/produit\/corbeille-ancienne-en-papier-mache-peint-a-decor-de-paon\/","title":{"rendered":"corbeille ancienne en papier m\u00e2ch\u00e9 peint a d\u00e9cor de paon"},"content":{"rendered":"","protected":false},"excerpt":{"rendered":"<p><span style=\"font-family: Arial; font-size: large;\">corbeille ancienne en papier m\u00e2ch\u00e9 peint a d\u00e9cor de paon<\/span><\/p>\n<div><span style=\"font-family: Arial; font-size: large;\">tr\u00e8s bon \u00e9tat<\/span><\/div>\n<div><span style=\"font-family: Arial; font-size: large;\">dimensions: 32&#215;21.7cm<\/span><\/div>\n<div><span style=\"font-family: Arial; font-size: large;\">hauteur: 3.5cm<\/span><\/div>\n","protected":false},"featured_media":27431,"comment_status":"open","ping_status":"closed","template":"","meta":{"_et_pb_use_builder":"","_et_pb_old_content":"","_et_gb_content_width":""},"product_cat":[14,8],"product_tag":[],"_links":{"self":[{"href":"https:\/\/marneantic.com\/index.php\/wp-json\/wp\/v2\/product\/27428"}],"collection":[{"href":"https:\/\/marneantic.com\/index.php\/wp-json\/wp\/v2\/product"}],"about":[{"href":"https:\/\/marneantic.com\/index.php\/wp-json\/wp\/v2\/types\/product"}],"replies":[{"embeddable":true,"href":"https:\/\/marneantic.com\/index.php\/wp-json\/wp\/v2\/comments?post=27428"}],"wp:featuredmedia":[{"embeddable":true,"href":"https:\/\/marneantic.com\/index.php\/wp-json\/wp\/v2\/media\/27431"}],"wp:attachment":[{"href":"https:\/\/marneantic.com\/index.php\/wp-json\/wp\/v2\/media?parent=27428"}],"wp:term":[{"taxonomy":"product_cat","embeddable":true,"href":"https:\/\/marneantic.com\/index.php\/wp-json\/wp\/v2\/product_cat?post=27428"},{"taxonomy":"product_tag","embeddable":true,"href":"https:\/\/marneantic.com\/index.php\/wp-json\/wp\/v2\/product_tag?post=27428"}],"curies":[{"name":"wp","href":"https:\/\/api.w.org\/{rel}","templated":true}]}}