{"id":27432,"date":"2025-12-30T14:10:09","date_gmt":"2025-12-30T13:10:09","guid":{"rendered":"https:\/\/marneantic.com\/?post_type=product&#038;p=27432"},"modified":"2025-12-30T14:16:43","modified_gmt":"2025-12-30T13:16:43","slug":"nappe-a-the-ancienne-brodee-120x120cm","status":"publish","type":"product","link":"https:\/\/marneantic.com\/index.php\/produit\/nappe-a-the-ancienne-brodee-120x120cm\/","title":{"rendered":"Nappe a th\u00e9 ancienne brod\u00e9e 120x120cm"},"content":{"rendered":"","protected":false},"excerpt":{"rendered":"<p><span style=\"font-family: Arial;\">Nappe a th\u00e9 ancienne brod\u00e9e en tr\u00e8s bon \u00e9tat, linge lav\u00e9 et repass\u00e9, il peut n\u00e9anmoins subsister des petites taches qui auraient \u00e9chapp\u00e9es a notre lavage., dimensions:120 x120cm<\/span><\/p>\n<div><\/div>\n","protected":false},"featured_media":27437,"comment_status":"open","ping_status":"closed","template":"","meta":{"_et_pb_use_builder":"","_et_pb_old_content":"","_et_gb_content_width":""},"product_cat":[33],"product_tag":[],"_links":{"self":[{"href":"https:\/\/marneantic.com\/index.php\/wp-json\/wp\/v2\/product\/27432"}],"collection":[{"href":"https:\/\/marneantic.com\/index.php\/wp-json\/wp\/v2\/product"}],"about":[{"href":"https:\/\/marneantic.com\/index.php\/wp-json\/wp\/v2\/types\/product"}],"replies":[{"embeddable":true,"href":"https:\/\/marneantic.com\/index.php\/wp-json\/wp\/v2\/comments?post=27432"}],"wp:featuredmedia":[{"embeddable":true,"href":"https:\/\/marneantic.com\/index.php\/wp-json\/wp\/v2\/media\/27437"}],"wp:attachment":[{"href":"https:\/\/marneantic.com\/index.php\/wp-json\/wp\/v2\/media?parent=27432"}],"wp:term":[{"taxonomy":"product_cat","embeddable":true,"href":"https:\/\/marneantic.com\/index.php\/wp-json\/wp\/v2\/product_cat?post=27432"},{"taxonomy":"product_tag","embeddable":true,"href":"https:\/\/marneantic.com\/index.php\/wp-json\/wp\/v2\/product_tag?post=27432"}],"curies":[{"name":"wp","href":"https:\/\/api.w.org\/{rel}","templated":true}]}}