{"id":27443,"date":"2025-12-30T15:09:52","date_gmt":"2025-12-30T14:09:52","guid":{"rendered":"https:\/\/marneantic.com\/?post_type=product&#038;p=27443"},"modified":"2025-12-30T15:17:39","modified_gmt":"2025-12-30T14:17:39","slug":"coupelle-wedgwood-verte-en-forme-de-coeur","status":"publish","type":"product","link":"https:\/\/marneantic.com\/index.php\/produit\/coupelle-wedgwood-verte-en-forme-de-coeur\/","title":{"rendered":"Coupelle Wedgwood verte en forme de c\u0153ur"},"content":{"rendered":"","protected":false},"excerpt":{"rendered":"<p><strong>Coupelle Wedgwood verte en forme de c\u0153ur, en tr\u00e8s bon \u00e9tat<\/strong><\/p>\n<div><strong>dimensions: 11.3&#215;11.3cm<\/strong><\/div>\n","protected":false},"featured_media":27444,"comment_status":"open","ping_status":"closed","template":"","meta":{"_et_pb_use_builder":"","_et_pb_old_content":"","_et_gb_content_width":""},"product_cat":[14,8],"product_tag":[],"_links":{"self":[{"href":"https:\/\/marneantic.com\/index.php\/wp-json\/wp\/v2\/product\/27443"}],"collection":[{"href":"https:\/\/marneantic.com\/index.php\/wp-json\/wp\/v2\/product"}],"about":[{"href":"https:\/\/marneantic.com\/index.php\/wp-json\/wp\/v2\/types\/product"}],"replies":[{"embeddable":true,"href":"https:\/\/marneantic.com\/index.php\/wp-json\/wp\/v2\/comments?post=27443"}],"wp:featuredmedia":[{"embeddable":true,"href":"https:\/\/marneantic.com\/index.php\/wp-json\/wp\/v2\/media\/27444"}],"wp:attachment":[{"href":"https:\/\/marneantic.com\/index.php\/wp-json\/wp\/v2\/media?parent=27443"}],"wp:term":[{"taxonomy":"product_cat","embeddable":true,"href":"https:\/\/marneantic.com\/index.php\/wp-json\/wp\/v2\/product_cat?post=27443"},{"taxonomy":"product_tag","embeddable":true,"href":"https:\/\/marneantic.com\/index.php\/wp-json\/wp\/v2\/product_tag?post=27443"}],"curies":[{"name":"wp","href":"https:\/\/api.w.org\/{rel}","templated":true}]}}