{"id":27456,"date":"2026-01-05T14:40:29","date_gmt":"2026-01-05T13:40:29","guid":{"rendered":"https:\/\/marneantic.com\/?post_type=product&#038;p=27456"},"modified":"2026-01-05T14:48:44","modified_gmt":"2026-01-05T13:48:44","slug":"petite-nappe-a-the-ancienne-brodee-60x60cm6-serviettes-assorties","status":"publish","type":"product","link":"https:\/\/marneantic.com\/index.php\/produit\/petite-nappe-a-the-ancienne-brodee-60x60cm6-serviettes-assorties\/","title":{"rendered":"Petite nappe a th\u00e9 ancienne brod\u00e9e 60x60cm+6 serviettes assorties"},"content":{"rendered":"","protected":false},"excerpt":{"rendered":"<p><span style=\"font-family: Arial;\">Petite nappe a th\u00e9 ancienne brod\u00e9e 60x60cm+6 serviettes assorties en tr\u00e8s bon \u00e9tat, linge lav\u00e9 et repass\u00e9, il peut n\u00e9anmoins subsister des petites taches qui auraient \u00e9chapp\u00e9es a notre lavage dimensions:120 x120cm<\/span><\/p>\n<div><\/div>\n","protected":false},"featured_media":27459,"comment_status":"open","ping_status":"closed","template":"","meta":{"_et_pb_use_builder":"","_et_pb_old_content":"","_et_gb_content_width":""},"product_cat":[33],"product_tag":[],"_links":{"self":[{"href":"https:\/\/marneantic.com\/index.php\/wp-json\/wp\/v2\/product\/27456"}],"collection":[{"href":"https:\/\/marneantic.com\/index.php\/wp-json\/wp\/v2\/product"}],"about":[{"href":"https:\/\/marneantic.com\/index.php\/wp-json\/wp\/v2\/types\/product"}],"replies":[{"embeddable":true,"href":"https:\/\/marneantic.com\/index.php\/wp-json\/wp\/v2\/comments?post=27456"}],"wp:featuredmedia":[{"embeddable":true,"href":"https:\/\/marneantic.com\/index.php\/wp-json\/wp\/v2\/media\/27459"}],"wp:attachment":[{"href":"https:\/\/marneantic.com\/index.php\/wp-json\/wp\/v2\/media?parent=27456"}],"wp:term":[{"taxonomy":"product_cat","embeddable":true,"href":"https:\/\/marneantic.com\/index.php\/wp-json\/wp\/v2\/product_cat?post=27456"},{"taxonomy":"product_tag","embeddable":true,"href":"https:\/\/marneantic.com\/index.php\/wp-json\/wp\/v2\/product_tag?post=27456"}],"curies":[{"name":"wp","href":"https:\/\/api.w.org\/{rel}","templated":true}]}}