{"id":27460,"date":"2026-01-05T15:37:12","date_gmt":"2026-01-05T14:37:12","guid":{"rendered":"https:\/\/marneantic.com\/?post_type=product&#038;p=27460"},"modified":"2026-01-14T08:30:45","modified_gmt":"2026-01-14T07:30:45","slug":"decapsuleur-metal-argente-christofle-orfevre-a-paris","status":"publish","type":"product","link":"https:\/\/marneantic.com\/index.php\/produit\/decapsuleur-metal-argente-christofle-orfevre-a-paris\/","title":{"rendered":"D\u00e9capsuleur m\u00e9tal argent\u00e9: Christofle orf\u00e8vre \u00e0 Paris."},"content":{"rendered":"","protected":false},"excerpt":{"rendered":"<p><strong>D\u00e9capsuleur m\u00e9tal argent\u00e9: Christofle orf\u00e8vre \u00e0 Paris.<\/strong><\/p>\n<div><strong>en bon \u00e9tat<\/strong><\/div>\n<div><strong>cartouche vierge au revers<\/strong><\/div>\n<div><strong>diam\u00e8tre: 5.1cm<\/strong><\/div>\n<div><strong>hauteur: 7.9cm<\/strong><\/div>\n","protected":false},"featured_media":27461,"comment_status":"open","ping_status":"closed","template":"","meta":{"_et_pb_use_builder":"","_et_pb_old_content":"","_et_gb_content_width":""},"product_cat":[43,30],"product_tag":[],"_links":{"self":[{"href":"https:\/\/marneantic.com\/index.php\/wp-json\/wp\/v2\/product\/27460"}],"collection":[{"href":"https:\/\/marneantic.com\/index.php\/wp-json\/wp\/v2\/product"}],"about":[{"href":"https:\/\/marneantic.com\/index.php\/wp-json\/wp\/v2\/types\/product"}],"replies":[{"embeddable":true,"href":"https:\/\/marneantic.com\/index.php\/wp-json\/wp\/v2\/comments?post=27460"}],"wp:featuredmedia":[{"embeddable":true,"href":"https:\/\/marneantic.com\/index.php\/wp-json\/wp\/v2\/media\/27461"}],"wp:attachment":[{"href":"https:\/\/marneantic.com\/index.php\/wp-json\/wp\/v2\/media?parent=27460"}],"wp:term":[{"taxonomy":"product_cat","embeddable":true,"href":"https:\/\/marneantic.com\/index.php\/wp-json\/wp\/v2\/product_cat?post=27460"},{"taxonomy":"product_tag","embeddable":true,"href":"https:\/\/marneantic.com\/index.php\/wp-json\/wp\/v2\/product_tag?post=27460"}],"curies":[{"name":"wp","href":"https:\/\/api.w.org\/{rel}","templated":true}]}}