{"id":27464,"date":"2026-01-06T14:44:06","date_gmt":"2026-01-06T13:44:06","guid":{"rendered":"https:\/\/marneantic.com\/?post_type=product&#038;p=27464"},"modified":"2026-01-06T14:51:47","modified_gmt":"2026-01-06T13:51:47","slug":"rebord-detagere-ancien-brode-180cm","status":"publish","type":"product","link":"https:\/\/marneantic.com\/index.php\/produit\/rebord-detagere-ancien-brode-180cm\/","title":{"rendered":"Rebord d&rsquo;\u00e9tag\u00e8re ancien brod\u00e9 180cm"},"content":{"rendered":"","protected":false},"excerpt":{"rendered":"<p><span style=\"font-family: Arial;\">Rebord d&rsquo;\u00e9tag\u00e8re ancien brod\u00e9 en bon \u00e9tat( a signaler 2 petits trous, voir photos), linge lav\u00e9 et repass\u00e9, il peut n\u00e9anmoins subsister des petites taches qui auraient \u00e9chapp\u00e9es a notre lavage dimensions:180x45cm<\/span><\/p>\n<div><\/div>\n","protected":false},"featured_media":27465,"comment_status":"open","ping_status":"closed","template":"","meta":{"_et_pb_use_builder":"","_et_pb_old_content":"","_et_gb_content_width":""},"product_cat":[33],"product_tag":[],"_links":{"self":[{"href":"https:\/\/marneantic.com\/index.php\/wp-json\/wp\/v2\/product\/27464"}],"collection":[{"href":"https:\/\/marneantic.com\/index.php\/wp-json\/wp\/v2\/product"}],"about":[{"href":"https:\/\/marneantic.com\/index.php\/wp-json\/wp\/v2\/types\/product"}],"replies":[{"embeddable":true,"href":"https:\/\/marneantic.com\/index.php\/wp-json\/wp\/v2\/comments?post=27464"}],"wp:featuredmedia":[{"embeddable":true,"href":"https:\/\/marneantic.com\/index.php\/wp-json\/wp\/v2\/media\/27465"}],"wp:attachment":[{"href":"https:\/\/marneantic.com\/index.php\/wp-json\/wp\/v2\/media?parent=27464"}],"wp:term":[{"taxonomy":"product_cat","embeddable":true,"href":"https:\/\/marneantic.com\/index.php\/wp-json\/wp\/v2\/product_cat?post=27464"},{"taxonomy":"product_tag","embeddable":true,"href":"https:\/\/marneantic.com\/index.php\/wp-json\/wp\/v2\/product_tag?post=27464"}],"curies":[{"name":"wp","href":"https:\/\/api.w.org\/{rel}","templated":true}]}}