{"id":27476,"date":"2026-01-09T15:15:58","date_gmt":"2026-01-09T14:15:58","guid":{"rendered":"https:\/\/marneantic.com\/?post_type=product&#038;p=27476"},"modified":"2026-01-09T15:23:29","modified_gmt":"2026-01-09T14:23:29","slug":"confiturier-ancien-en-metal-argente-et-cristal-2","status":"publish","type":"product","link":"https:\/\/marneantic.com\/index.php\/produit\/confiturier-ancien-en-metal-argente-et-cristal-2\/","title":{"rendered":"Confiturier ancien en m\u00e9tal argent\u00e9 et cristal"},"content":{"rendered":"","protected":false},"excerpt":{"rendered":"<p>confiturier ancien en m\u00e9tal argent\u00e9 et cristal, en tr\u00e8s bon \u00e9tat, hauteur avec poign\u00e9e:10.5cm,diametre:9cm<\/p>\n","protected":false},"featured_media":27477,"comment_status":"closed","ping_status":"closed","template":"","meta":{"_et_pb_use_builder":"","_et_pb_old_content":"","_et_gb_content_width":""},"product_cat":[13,12,10],"product_tag":[],"_links":{"self":[{"href":"https:\/\/marneantic.com\/index.php\/wp-json\/wp\/v2\/product\/27476"}],"collection":[{"href":"https:\/\/marneantic.com\/index.php\/wp-json\/wp\/v2\/product"}],"about":[{"href":"https:\/\/marneantic.com\/index.php\/wp-json\/wp\/v2\/types\/product"}],"replies":[{"embeddable":true,"href":"https:\/\/marneantic.com\/index.php\/wp-json\/wp\/v2\/comments?post=27476"}],"wp:featuredmedia":[{"embeddable":true,"href":"https:\/\/marneantic.com\/index.php\/wp-json\/wp\/v2\/media\/27477"}],"wp:attachment":[{"href":"https:\/\/marneantic.com\/index.php\/wp-json\/wp\/v2\/media?parent=27476"}],"wp:term":[{"taxonomy":"product_cat","embeddable":true,"href":"https:\/\/marneantic.com\/index.php\/wp-json\/wp\/v2\/product_cat?post=27476"},{"taxonomy":"product_tag","embeddable":true,"href":"https:\/\/marneantic.com\/index.php\/wp-json\/wp\/v2\/product_tag?post=27476"}],"curies":[{"name":"wp","href":"https:\/\/api.w.org\/{rel}","templated":true}]}}