{"id":27495,"date":"2026-01-14T15:33:23","date_gmt":"2026-01-14T14:33:23","guid":{"rendered":"https:\/\/marneantic.com\/?post_type=product&#038;p=27495"},"modified":"2026-01-17T08:50:55","modified_gmt":"2026-01-17T07:50:55","slug":"drap-denfant-ancien-brode-145x113cm","status":"publish","type":"product","link":"https:\/\/marneantic.com\/index.php\/produit\/drap-denfant-ancien-brode-145x113cm\/","title":{"rendered":"Drap d&rsquo;enfant ancien brod\u00e9 145x113cm"},"content":{"rendered":"","protected":false},"excerpt":{"rendered":"<p><strong>Drap d&rsquo;enfant ancien brod\u00e9, en tr\u00e8s bon \u00e9tat, linge v\u00e9rifi\u00e9 et lav\u00e9 sortie d&rsquo;armoire ancienne, il reste 3 petites taches brunes qui ont r\u00e9sist\u00e9es a notre lavage<\/strong><\/p>\n<div><strong>largeur:113cm<\/strong><\/div>\n<div><strong>hauteur:145cm<\/strong><\/div>\n","protected":false},"featured_media":27499,"comment_status":"open","ping_status":"closed","template":"","meta":{"_et_pb_use_builder":"","_et_pb_old_content":"","_et_gb_content_width":""},"product_cat":[33,30],"product_tag":[],"_links":{"self":[{"href":"https:\/\/marneantic.com\/index.php\/wp-json\/wp\/v2\/product\/27495"}],"collection":[{"href":"https:\/\/marneantic.com\/index.php\/wp-json\/wp\/v2\/product"}],"about":[{"href":"https:\/\/marneantic.com\/index.php\/wp-json\/wp\/v2\/types\/product"}],"replies":[{"embeddable":true,"href":"https:\/\/marneantic.com\/index.php\/wp-json\/wp\/v2\/comments?post=27495"}],"wp:featuredmedia":[{"embeddable":true,"href":"https:\/\/marneantic.com\/index.php\/wp-json\/wp\/v2\/media\/27499"}],"wp:attachment":[{"href":"https:\/\/marneantic.com\/index.php\/wp-json\/wp\/v2\/media?parent=27495"}],"wp:term":[{"taxonomy":"product_cat","embeddable":true,"href":"https:\/\/marneantic.com\/index.php\/wp-json\/wp\/v2\/product_cat?post=27495"},{"taxonomy":"product_tag","embeddable":true,"href":"https:\/\/marneantic.com\/index.php\/wp-json\/wp\/v2\/product_tag?post=27495"}],"curies":[{"name":"wp","href":"https:\/\/api.w.org\/{rel}","templated":true}]}}