{"id":27501,"date":"2026-01-16T15:09:53","date_gmt":"2026-01-16T14:09:53","guid":{"rendered":"https:\/\/marneantic.com\/?post_type=product&#038;p=27501"},"modified":"2026-01-16T15:28:07","modified_gmt":"2026-01-16T14:28:07","slug":"lot-de-2-torchons-anciens-monogrammes-2","status":"publish","type":"product","link":"https:\/\/marneantic.com\/index.php\/produit\/lot-de-2-torchons-anciens-monogrammes-2\/","title":{"rendered":"Lot de 2 torchons anciens monogramm\u00e9s"},"content":{"rendered":"","protected":false},"excerpt":{"rendered":"<p>Lot de 2 torchons anciens monogramm\u00e9s en coton,dimensions:60x57cm,petit monogramme HV, en bon \u00e9tat, lav\u00e9 repass\u00e9 et v\u00e9rifi\u00e9<\/p>\n","protected":false},"featured_media":27502,"comment_status":"open","ping_status":"closed","template":"","meta":{"_et_pb_use_builder":"","_et_pb_old_content":"","_et_gb_content_width":""},"product_cat":[33],"product_tag":[],"_links":{"self":[{"href":"https:\/\/marneantic.com\/index.php\/wp-json\/wp\/v2\/product\/27501"}],"collection":[{"href":"https:\/\/marneantic.com\/index.php\/wp-json\/wp\/v2\/product"}],"about":[{"href":"https:\/\/marneantic.com\/index.php\/wp-json\/wp\/v2\/types\/product"}],"replies":[{"embeddable":true,"href":"https:\/\/marneantic.com\/index.php\/wp-json\/wp\/v2\/comments?post=27501"}],"wp:featuredmedia":[{"embeddable":true,"href":"https:\/\/marneantic.com\/index.php\/wp-json\/wp\/v2\/media\/27502"}],"wp:attachment":[{"href":"https:\/\/marneantic.com\/index.php\/wp-json\/wp\/v2\/media?parent=27501"}],"wp:term":[{"taxonomy":"product_cat","embeddable":true,"href":"https:\/\/marneantic.com\/index.php\/wp-json\/wp\/v2\/product_cat?post=27501"},{"taxonomy":"product_tag","embeddable":true,"href":"https:\/\/marneantic.com\/index.php\/wp-json\/wp\/v2\/product_tag?post=27501"}],"curies":[{"name":"wp","href":"https:\/\/api.w.org\/{rel}","templated":true}]}}