{"id":27504,"date":"2026-01-16T15:45:57","date_gmt":"2026-01-16T14:45:57","guid":{"rendered":"https:\/\/marneantic.com\/?post_type=product&#038;p=27504"},"modified":"2026-03-16T13:35:19","modified_gmt":"2026-03-16T12:35:19","slug":"st-louis-verre-de-table-ancien-en-cristal-forme-tulipe","status":"publish","type":"product","link":"https:\/\/marneantic.com\/index.php\/produit\/st-louis-verre-de-table-ancien-en-cristal-forme-tulipe\/","title":{"rendered":"ST LOUIS: verre de table ancien en cristal forme tulipe 16.5cm"},"content":{"rendered":"<p>5<\/p>\n","protected":false},"excerpt":{"rendered":"<p>ST LOUIS: verre de table ancien en cristal forme tulipe, en tr\u00e8s bon \u00e9tat,hauteur:16.3cm, diam\u00e8tre du buvant:9cm, diam\u00e8tre du pied:7.3cm,estampill\u00e9 au dessous<\/p>\n","protected":false},"featured_media":27505,"comment_status":"closed","ping_status":"closed","template":"","meta":{"_et_pb_use_builder":"","_et_pb_old_content":"","_et_gb_content_width":""},"product_cat":[10,11],"product_tag":[],"_links":{"self":[{"href":"https:\/\/marneantic.com\/index.php\/wp-json\/wp\/v2\/product\/27504"}],"collection":[{"href":"https:\/\/marneantic.com\/index.php\/wp-json\/wp\/v2\/product"}],"about":[{"href":"https:\/\/marneantic.com\/index.php\/wp-json\/wp\/v2\/types\/product"}],"replies":[{"embeddable":true,"href":"https:\/\/marneantic.com\/index.php\/wp-json\/wp\/v2\/comments?post=27504"}],"wp:featuredmedia":[{"embeddable":true,"href":"https:\/\/marneantic.com\/index.php\/wp-json\/wp\/v2\/media\/27505"}],"wp:attachment":[{"href":"https:\/\/marneantic.com\/index.php\/wp-json\/wp\/v2\/media?parent=27504"}],"wp:term":[{"taxonomy":"product_cat","embeddable":true,"href":"https:\/\/marneantic.com\/index.php\/wp-json\/wp\/v2\/product_cat?post=27504"},{"taxonomy":"product_tag","embeddable":true,"href":"https:\/\/marneantic.com\/index.php\/wp-json\/wp\/v2\/product_tag?post=27504"}],"curies":[{"name":"wp","href":"https:\/\/api.w.org\/{rel}","templated":true}]}}