{"id":27513,"date":"2026-01-16T16:28:27","date_gmt":"2026-01-16T15:28:27","guid":{"rendered":"https:\/\/marneantic.com\/?post_type=product&#038;p=27513"},"modified":"2026-01-16T16:33:56","modified_gmt":"2026-01-16T15:33:56","slug":"verre-a-liqueur-ancien-en-cristal-grave-3","status":"publish","type":"product","link":"https:\/\/marneantic.com\/index.php\/produit\/verre-a-liqueur-ancien-en-cristal-grave-3\/","title":{"rendered":"Verre a liqueur ancien en cristal grav\u00e9"},"content":{"rendered":"","protected":false},"excerpt":{"rendered":"<p>Verre a liqueur ancien en cristal grav\u00e9, en tr\u00e8s bon \u00e9tat, hauteur:8.2cm, diam\u00e8tre du buvant:4.2cm, diam\u00e8tre du pied:4cm<\/p>\n","protected":false},"featured_media":27514,"comment_status":"closed","ping_status":"closed","template":"","meta":{"_et_pb_use_builder":"","_et_pb_old_content":"","_et_gb_content_width":""},"product_cat":[10,11],"product_tag":[],"_links":{"self":[{"href":"https:\/\/marneantic.com\/index.php\/wp-json\/wp\/v2\/product\/27513"}],"collection":[{"href":"https:\/\/marneantic.com\/index.php\/wp-json\/wp\/v2\/product"}],"about":[{"href":"https:\/\/marneantic.com\/index.php\/wp-json\/wp\/v2\/types\/product"}],"replies":[{"embeddable":true,"href":"https:\/\/marneantic.com\/index.php\/wp-json\/wp\/v2\/comments?post=27513"}],"wp:featuredmedia":[{"embeddable":true,"href":"https:\/\/marneantic.com\/index.php\/wp-json\/wp\/v2\/media\/27514"}],"wp:attachment":[{"href":"https:\/\/marneantic.com\/index.php\/wp-json\/wp\/v2\/media?parent=27513"}],"wp:term":[{"taxonomy":"product_cat","embeddable":true,"href":"https:\/\/marneantic.com\/index.php\/wp-json\/wp\/v2\/product_cat?post=27513"},{"taxonomy":"product_tag","embeddable":true,"href":"https:\/\/marneantic.com\/index.php\/wp-json\/wp\/v2\/product_tag?post=27513"}],"curies":[{"name":"wp","href":"https:\/\/api.w.org\/{rel}","templated":true}]}}