{"id":27528,"date":"2026-01-19T16:42:58","date_gmt":"2026-01-19T15:42:58","guid":{"rendered":"https:\/\/marneantic.com\/?post_type=product&#038;p=27528"},"modified":"2026-03-21T08:36:35","modified_gmt":"2026-03-21T07:36:35","slug":"oiseau-ancien-en-ceramique","status":"publish","type":"product","link":"https:\/\/marneantic.com\/index.php\/produit\/oiseau-ancien-en-ceramique\/","title":{"rendered":"Oiseau ancien en c\u00e9ramique"},"content":{"rendered":"","protected":false},"excerpt":{"rendered":"<p><strong>Oiseau ancien en c\u00e9ramique, en parfait \u00e9tat, trace de signature au dessous<\/strong><\/p>\n<div><strong>dimensions:10.5&#215;8.5cm<\/strong><\/div>\n<div><strong>hauteur:9cm<\/strong><\/div>\n","protected":false},"featured_media":27529,"comment_status":"open","ping_status":"closed","template":"","meta":{"_et_pb_use_builder":"","_et_pb_old_content":"","_et_gb_content_width":""},"product_cat":[14,8,30],"product_tag":[],"_links":{"self":[{"href":"https:\/\/marneantic.com\/index.php\/wp-json\/wp\/v2\/product\/27528"}],"collection":[{"href":"https:\/\/marneantic.com\/index.php\/wp-json\/wp\/v2\/product"}],"about":[{"href":"https:\/\/marneantic.com\/index.php\/wp-json\/wp\/v2\/types\/product"}],"replies":[{"embeddable":true,"href":"https:\/\/marneantic.com\/index.php\/wp-json\/wp\/v2\/comments?post=27528"}],"wp:featuredmedia":[{"embeddable":true,"href":"https:\/\/marneantic.com\/index.php\/wp-json\/wp\/v2\/media\/27529"}],"wp:attachment":[{"href":"https:\/\/marneantic.com\/index.php\/wp-json\/wp\/v2\/media?parent=27528"}],"wp:term":[{"taxonomy":"product_cat","embeddable":true,"href":"https:\/\/marneantic.com\/index.php\/wp-json\/wp\/v2\/product_cat?post=27528"},{"taxonomy":"product_tag","embeddable":true,"href":"https:\/\/marneantic.com\/index.php\/wp-json\/wp\/v2\/product_tag?post=27528"}],"curies":[{"name":"wp","href":"https:\/\/api.w.org\/{rel}","templated":true}]}}