{"id":27548,"date":"2026-01-26T14:23:40","date_gmt":"2026-01-26T13:23:40","guid":{"rendered":"https:\/\/marneantic.com\/?post_type=product&#038;p=27548"},"modified":"2026-01-26T14:35:01","modified_gmt":"2026-01-26T13:35:01","slug":"etui-a-serviette-ancien-brode","status":"publish","type":"product","link":"https:\/\/marneantic.com\/index.php\/produit\/etui-a-serviette-ancien-brode\/","title":{"rendered":"Etui a serviette ancien brod\u00e9"},"content":{"rendered":"","protected":false},"excerpt":{"rendered":"<p><span style=\"font-family: Arial;\">Etui a serviette ancien brod\u00e9 en tr\u00e8s bon \u00e9tat, linge lav\u00e9 et repass\u00e9, dimensions ferm\u00e9:28 x 10cm<\/span><\/p>\n<div><\/div>\n","protected":false},"featured_media":27549,"comment_status":"open","ping_status":"closed","template":"","meta":{"_et_pb_use_builder":"","_et_pb_old_content":"","_et_gb_content_width":""},"product_cat":[33],"product_tag":[],"_links":{"self":[{"href":"https:\/\/marneantic.com\/index.php\/wp-json\/wp\/v2\/product\/27548"}],"collection":[{"href":"https:\/\/marneantic.com\/index.php\/wp-json\/wp\/v2\/product"}],"about":[{"href":"https:\/\/marneantic.com\/index.php\/wp-json\/wp\/v2\/types\/product"}],"replies":[{"embeddable":true,"href":"https:\/\/marneantic.com\/index.php\/wp-json\/wp\/v2\/comments?post=27548"}],"wp:featuredmedia":[{"embeddable":true,"href":"https:\/\/marneantic.com\/index.php\/wp-json\/wp\/v2\/media\/27549"}],"wp:attachment":[{"href":"https:\/\/marneantic.com\/index.php\/wp-json\/wp\/v2\/media?parent=27548"}],"wp:term":[{"taxonomy":"product_cat","embeddable":true,"href":"https:\/\/marneantic.com\/index.php\/wp-json\/wp\/v2\/product_cat?post=27548"},{"taxonomy":"product_tag","embeddable":true,"href":"https:\/\/marneantic.com\/index.php\/wp-json\/wp\/v2\/product_tag?post=27548"}],"curies":[{"name":"wp","href":"https:\/\/api.w.org\/{rel}","templated":true}]}}