{"id":27551,"date":"2026-01-26T14:35:18","date_gmt":"2026-01-26T13:35:18","guid":{"rendered":"https:\/\/marneantic.com\/?post_type=product&#038;p=27551"},"modified":"2026-01-26T14:37:30","modified_gmt":"2026-01-26T13:37:30","slug":"etui-a-serviette-ancien-brode-2","status":"publish","type":"product","link":"https:\/\/marneantic.com\/index.php\/produit\/etui-a-serviette-ancien-brode-2\/","title":{"rendered":"Etui a serviette ancien brod\u00e9"},"content":{"rendered":"","protected":false},"excerpt":{"rendered":"<p><span style=\"font-family: Arial;\">Etui a serviette ancien brod\u00e9 en tr\u00e8s bon \u00e9tat, linge lav\u00e9 et repass\u00e9, dimensions ferm\u00e9:26.5 x 11cm<\/span><\/p>\n<div><\/div>\n","protected":false},"featured_media":27552,"comment_status":"open","ping_status":"closed","template":"","meta":{"_et_pb_use_builder":"","_et_pb_old_content":"","_et_gb_content_width":""},"product_cat":[33],"product_tag":[],"_links":{"self":[{"href":"https:\/\/marneantic.com\/index.php\/wp-json\/wp\/v2\/product\/27551"}],"collection":[{"href":"https:\/\/marneantic.com\/index.php\/wp-json\/wp\/v2\/product"}],"about":[{"href":"https:\/\/marneantic.com\/index.php\/wp-json\/wp\/v2\/types\/product"}],"replies":[{"embeddable":true,"href":"https:\/\/marneantic.com\/index.php\/wp-json\/wp\/v2\/comments?post=27551"}],"wp:featuredmedia":[{"embeddable":true,"href":"https:\/\/marneantic.com\/index.php\/wp-json\/wp\/v2\/media\/27552"}],"wp:attachment":[{"href":"https:\/\/marneantic.com\/index.php\/wp-json\/wp\/v2\/media?parent=27551"}],"wp:term":[{"taxonomy":"product_cat","embeddable":true,"href":"https:\/\/marneantic.com\/index.php\/wp-json\/wp\/v2\/product_cat?post=27551"},{"taxonomy":"product_tag","embeddable":true,"href":"https:\/\/marneantic.com\/index.php\/wp-json\/wp\/v2\/product_tag?post=27551"}],"curies":[{"name":"wp","href":"https:\/\/api.w.org\/{rel}","templated":true}]}}