{"id":27574,"date":"2026-01-29T15:48:22","date_gmt":"2026-01-29T14:48:22","guid":{"rendered":"https:\/\/marneantic.com\/?post_type=product&#038;p=27574"},"modified":"2026-01-29T15:54:19","modified_gmt":"2026-01-29T14:54:19","slug":"grand-verre-gobelet-emaille-ancien","status":"publish","type":"product","link":"https:\/\/marneantic.com\/index.php\/produit\/grand-verre-gobelet-emaille-ancien\/","title":{"rendered":"Grand verre gobelet \u00e9maill\u00e9 ancien"},"content":{"rendered":"","protected":false},"excerpt":{"rendered":"<p>Grand verre gobelet \u00e9maill\u00e9 ancien en bon \u00e9tat, hauteur: 10.2cm, diam\u00e8tre: 6.5cm<\/p>\n","protected":false},"featured_media":27575,"comment_status":"closed","ping_status":"closed","template":"","meta":{"_et_pb_use_builder":"","_et_pb_old_content":"","_et_gb_content_width":""},"product_cat":[14,11],"product_tag":[],"_links":{"self":[{"href":"https:\/\/marneantic.com\/index.php\/wp-json\/wp\/v2\/product\/27574"}],"collection":[{"href":"https:\/\/marneantic.com\/index.php\/wp-json\/wp\/v2\/product"}],"about":[{"href":"https:\/\/marneantic.com\/index.php\/wp-json\/wp\/v2\/types\/product"}],"replies":[{"embeddable":true,"href":"https:\/\/marneantic.com\/index.php\/wp-json\/wp\/v2\/comments?post=27574"}],"wp:featuredmedia":[{"embeddable":true,"href":"https:\/\/marneantic.com\/index.php\/wp-json\/wp\/v2\/media\/27575"}],"wp:attachment":[{"href":"https:\/\/marneantic.com\/index.php\/wp-json\/wp\/v2\/media?parent=27574"}],"wp:term":[{"taxonomy":"product_cat","embeddable":true,"href":"https:\/\/marneantic.com\/index.php\/wp-json\/wp\/v2\/product_cat?post=27574"},{"taxonomy":"product_tag","embeddable":true,"href":"https:\/\/marneantic.com\/index.php\/wp-json\/wp\/v2\/product_tag?post=27574"}],"curies":[{"name":"wp","href":"https:\/\/api.w.org\/{rel}","templated":true}]}}