{"id":27600,"date":"2026-01-30T16:56:30","date_gmt":"2026-01-30T15:56:30","guid":{"rendered":"https:\/\/marneantic.com\/?post_type=product&#038;p=27600"},"modified":"2026-01-30T17:01:37","modified_gmt":"2026-01-30T16:01:37","slug":"plat-creux-ancien-en-faience-de-saint-amand-decor-au-coq-2","status":"publish","type":"product","link":"https:\/\/marneantic.com\/index.php\/produit\/plat-creux-ancien-en-faience-de-saint-amand-decor-au-coq-2\/","title":{"rendered":"Plat creux ancien en fa\u00efence de Saint-Amand, d\u00e9cor au coq"},"content":{"rendered":"","protected":false},"excerpt":{"rendered":"<p>Plat creux ancien en fa\u00efence de saint-Amand,d\u00e9cor au coq en tr\u00e8s bon \u00e9tat<\/p>\n<div>diametre:25.7cm<\/div>\n<div>hauteur:5.3cm<\/div>\n","protected":false},"featured_media":27601,"comment_status":"closed","ping_status":"closed","template":"","meta":{"_et_pb_use_builder":"","_et_pb_old_content":"","_et_gb_content_width":""},"product_cat":[28,7],"product_tag":[],"_links":{"self":[{"href":"https:\/\/marneantic.com\/index.php\/wp-json\/wp\/v2\/product\/27600"}],"collection":[{"href":"https:\/\/marneantic.com\/index.php\/wp-json\/wp\/v2\/product"}],"about":[{"href":"https:\/\/marneantic.com\/index.php\/wp-json\/wp\/v2\/types\/product"}],"replies":[{"embeddable":true,"href":"https:\/\/marneantic.com\/index.php\/wp-json\/wp\/v2\/comments?post=27600"}],"wp:featuredmedia":[{"embeddable":true,"href":"https:\/\/marneantic.com\/index.php\/wp-json\/wp\/v2\/media\/27601"}],"wp:attachment":[{"href":"https:\/\/marneantic.com\/index.php\/wp-json\/wp\/v2\/media?parent=27600"}],"wp:term":[{"taxonomy":"product_cat","embeddable":true,"href":"https:\/\/marneantic.com\/index.php\/wp-json\/wp\/v2\/product_cat?post=27600"},{"taxonomy":"product_tag","embeddable":true,"href":"https:\/\/marneantic.com\/index.php\/wp-json\/wp\/v2\/product_tag?post=27600"}],"curies":[{"name":"wp","href":"https:\/\/api.w.org\/{rel}","templated":true}]}}