{"id":27611,"date":"2026-02-04T15:25:55","date_gmt":"2026-02-04T14:25:55","guid":{"rendered":"https:\/\/marneantic.com\/?post_type=product&#038;p=27611"},"modified":"2026-05-17T01:25:42","modified_gmt":"2026-05-17T00:25:42","slug":"12-grandes-serviettes-de-table-anciennes-monogrammees","status":"publish","type":"product","link":"https:\/\/marneantic.com\/index.php\/produit\/12-grandes-serviettes-de-table-anciennes-monogrammees\/","title":{"rendered":"12 grandes serviettes de table anciennes, monogramm\u00e9es"},"content":{"rendered":"","protected":false},"excerpt":{"rendered":"<p>12 grandes serviettes de table anciennes, monogramm\u00e9es ML en bon \u00e9tat, dimensions:76x76cm, linge lav\u00e9, repass\u00e9 et v\u00e9rifi\u00e9, il reste n\u00e9anmoins quelques petites taches brunes qui ont \u00e9chapp\u00e9es a notre lavage ainsi qu&rsquo;un petit trou sur une serviette<\/p>\n","protected":false},"featured_media":27612,"comment_status":"open","ping_status":"closed","template":"","meta":{"_et_pb_use_builder":"","_et_pb_old_content":"","_et_gb_content_width":""},"product_cat":[33,30],"product_tag":[],"_links":{"self":[{"href":"https:\/\/marneantic.com\/index.php\/wp-json\/wp\/v2\/product\/27611"}],"collection":[{"href":"https:\/\/marneantic.com\/index.php\/wp-json\/wp\/v2\/product"}],"about":[{"href":"https:\/\/marneantic.com\/index.php\/wp-json\/wp\/v2\/types\/product"}],"replies":[{"embeddable":true,"href":"https:\/\/marneantic.com\/index.php\/wp-json\/wp\/v2\/comments?post=27611"}],"wp:featuredmedia":[{"embeddable":true,"href":"https:\/\/marneantic.com\/index.php\/wp-json\/wp\/v2\/media\/27612"}],"wp:attachment":[{"href":"https:\/\/marneantic.com\/index.php\/wp-json\/wp\/v2\/media?parent=27611"}],"wp:term":[{"taxonomy":"product_cat","embeddable":true,"href":"https:\/\/marneantic.com\/index.php\/wp-json\/wp\/v2\/product_cat?post=27611"},{"taxonomy":"product_tag","embeddable":true,"href":"https:\/\/marneantic.com\/index.php\/wp-json\/wp\/v2\/product_tag?post=27611"}],"curies":[{"name":"wp","href":"https:\/\/api.w.org\/{rel}","templated":true}]}}