{"id":27624,"date":"2026-02-05T15:53:08","date_gmt":"2026-02-05T14:53:08","guid":{"rendered":"https:\/\/marneantic.com\/?post_type=product&#038;p=27624"},"modified":"2026-02-05T16:06:10","modified_gmt":"2026-02-05T15:06:10","slug":"pied-de-lampe-de-bureau-annees-70","status":"publish","type":"product","link":"https:\/\/marneantic.com\/index.php\/produit\/pied-de-lampe-de-bureau-annees-70\/","title":{"rendered":"pied de lampe de bureau ann\u00e9es 70&prime;"},"content":{"rendered":"","protected":false},"excerpt":{"rendered":"<p>pied de lampe de bureau ann\u00e9es 70&prime; a 3 ampoules(a vis) tout en m\u00e9tal, en bon \u00e9tat, test\u00e9e elle fonctionne en 1, 2, ou 3 lampes<br \/>\npas de marque de fabrique apparente<br \/>\nhauteur sans les douilles: 48cm<br \/>\ndiam\u00e8tre partie haute blanche: 15cm<br \/>\ndiam\u00e8tre du pied: 18cm<br \/>\n\u00e9tiquette (peut-\u00eatre du vendeur)sur le socle<br \/>\nLes produits propos\u00e9s dans notre boutique sont anciens, ils peuvent pr\u00e9sent\u00e9s des traces d\u2019usure, d&rsquo;usage ou rayures qui donnent au produit son caract\u00e8re et son authenticit\u00e9<\/p>\n","protected":false},"featured_media":27625,"comment_status":"open","ping_status":"closed","template":"","meta":{"_et_pb_use_builder":"","_et_pb_old_content":"","_et_gb_content_width":""},"product_cat":[24,16],"product_tag":[],"_links":{"self":[{"href":"https:\/\/marneantic.com\/index.php\/wp-json\/wp\/v2\/product\/27624"}],"collection":[{"href":"https:\/\/marneantic.com\/index.php\/wp-json\/wp\/v2\/product"}],"about":[{"href":"https:\/\/marneantic.com\/index.php\/wp-json\/wp\/v2\/types\/product"}],"replies":[{"embeddable":true,"href":"https:\/\/marneantic.com\/index.php\/wp-json\/wp\/v2\/comments?post=27624"}],"wp:featuredmedia":[{"embeddable":true,"href":"https:\/\/marneantic.com\/index.php\/wp-json\/wp\/v2\/media\/27625"}],"wp:attachment":[{"href":"https:\/\/marneantic.com\/index.php\/wp-json\/wp\/v2\/media?parent=27624"}],"wp:term":[{"taxonomy":"product_cat","embeddable":true,"href":"https:\/\/marneantic.com\/index.php\/wp-json\/wp\/v2\/product_cat?post=27624"},{"taxonomy":"product_tag","embeddable":true,"href":"https:\/\/marneantic.com\/index.php\/wp-json\/wp\/v2\/product_tag?post=27624"}],"curies":[{"name":"wp","href":"https:\/\/api.w.org\/{rel}","templated":true}]}}