{"id":27634,"date":"2026-02-06T15:32:59","date_gmt":"2026-02-06T14:32:59","guid":{"rendered":"https:\/\/marneantic.com\/?post_type=product&#038;p=27634"},"modified":"2026-02-06T15:32:59","modified_gmt":"2026-02-06T14:32:59","slug":"valise-vintage-en-bois-et-metal","status":"publish","type":"product","link":"https:\/\/marneantic.com\/index.php\/produit\/valise-vintage-en-bois-et-metal\/","title":{"rendered":"Valise vintage en bois et m\u00e9tal"},"content":{"rendered":"","protected":false},"excerpt":{"rendered":"<p><strong><a class=\"ng-binding\" target=\"_blank\" rel=\"noopener\">Valise vintage en bois, cuir et m\u00e9tal, dans son jus, sortie de grenier, en bon \u00e9tat, traces d&rsquo;usage mais belle patine, les fermetures fonctionnent mais les cl\u00e9s sont manquantes, longueur: 45cm, profondeur: 30cm, hauteur: 16.5cm<\/a><\/strong><\/p>\n","protected":false},"featured_media":27635,"comment_status":"open","ping_status":"closed","template":"","meta":{"_et_pb_use_builder":"","_et_pb_old_content":"","_et_gb_content_width":""},"product_cat":[31,8],"product_tag":[],"_links":{"self":[{"href":"https:\/\/marneantic.com\/index.php\/wp-json\/wp\/v2\/product\/27634"}],"collection":[{"href":"https:\/\/marneantic.com\/index.php\/wp-json\/wp\/v2\/product"}],"about":[{"href":"https:\/\/marneantic.com\/index.php\/wp-json\/wp\/v2\/types\/product"}],"replies":[{"embeddable":true,"href":"https:\/\/marneantic.com\/index.php\/wp-json\/wp\/v2\/comments?post=27634"}],"wp:featuredmedia":[{"embeddable":true,"href":"https:\/\/marneantic.com\/index.php\/wp-json\/wp\/v2\/media\/27635"}],"wp:attachment":[{"href":"https:\/\/marneantic.com\/index.php\/wp-json\/wp\/v2\/media?parent=27634"}],"wp:term":[{"taxonomy":"product_cat","embeddable":true,"href":"https:\/\/marneantic.com\/index.php\/wp-json\/wp\/v2\/product_cat?post=27634"},{"taxonomy":"product_tag","embeddable":true,"href":"https:\/\/marneantic.com\/index.php\/wp-json\/wp\/v2\/product_tag?post=27634"}],"curies":[{"name":"wp","href":"https:\/\/api.w.org\/{rel}","templated":true}]}}