{"id":27640,"date":"2026-02-06T16:10:26","date_gmt":"2026-02-06T15:10:26","guid":{"rendered":"https:\/\/marneantic.com\/?post_type=product&#038;p=27640"},"modified":"2026-02-06T19:04:20","modified_gmt":"2026-02-06T18:04:20","slug":"perpetuel-publicitaire-ancien-pesticides-bayer","status":"publish","type":"product","link":"https:\/\/marneantic.com\/index.php\/produit\/perpetuel-publicitaire-ancien-pesticides-bayer\/","title":{"rendered":"Perp\u00e9tuel publicitaire ancien pesticides BAYER"},"content":{"rendered":"","protected":false},"excerpt":{"rendered":"<p>Perp\u00e9tuel publicitaire ancien pesticides BAYER, en bois et verre, en parfait \u00e9tat,hauteur:33.7cm, largeur:23.5cm<\/p>\n","protected":false},"featured_media":27641,"comment_status":"open","ping_status":"closed","template":"","meta":{"_et_pb_use_builder":"","_et_pb_old_content":"","_et_gb_content_width":""},"product_cat":[15,16,30],"product_tag":[],"_links":{"self":[{"href":"https:\/\/marneantic.com\/index.php\/wp-json\/wp\/v2\/product\/27640"}],"collection":[{"href":"https:\/\/marneantic.com\/index.php\/wp-json\/wp\/v2\/product"}],"about":[{"href":"https:\/\/marneantic.com\/index.php\/wp-json\/wp\/v2\/types\/product"}],"replies":[{"embeddable":true,"href":"https:\/\/marneantic.com\/index.php\/wp-json\/wp\/v2\/comments?post=27640"}],"wp:featuredmedia":[{"embeddable":true,"href":"https:\/\/marneantic.com\/index.php\/wp-json\/wp\/v2\/media\/27641"}],"wp:attachment":[{"href":"https:\/\/marneantic.com\/index.php\/wp-json\/wp\/v2\/media?parent=27640"}],"wp:term":[{"taxonomy":"product_cat","embeddable":true,"href":"https:\/\/marneantic.com\/index.php\/wp-json\/wp\/v2\/product_cat?post=27640"},{"taxonomy":"product_tag","embeddable":true,"href":"https:\/\/marneantic.com\/index.php\/wp-json\/wp\/v2\/product_tag?post=27640"}],"curies":[{"name":"wp","href":"https:\/\/api.w.org\/{rel}","templated":true}]}}