{"id":27647,"date":"2026-02-10T15:17:05","date_gmt":"2026-02-10T14:17:05","guid":{"rendered":"https:\/\/marneantic.com\/?post_type=product&#038;p=27647"},"modified":"2026-02-10T15:17:05","modified_gmt":"2026-02-10T14:17:05","slug":"boite-a-sel-ancienne-en-bois","status":"publish","type":"product","link":"https:\/\/marneantic.com\/index.php\/produit\/boite-a-sel-ancienne-en-bois\/","title":{"rendered":"Bo\u00eete \u00e0 sel ancienne en bois"},"content":{"rendered":"","protected":false},"excerpt":{"rendered":"<div><span style=\"font-size: large;\">Bo\u00eete \u00e0 sel ancienne en bois a poser ou accrocher, en tr\u00e8s bon \u00e9tat<\/span><\/div>\n<div><span style=\"font-size: large;\">dimensions: 14.5x13cm<\/span><\/div>\n<div><span style=\"font-size: large;\">hauteur: 18cm<\/span><\/div>\n","protected":false},"featured_media":27648,"comment_status":"open","ping_status":"closed","template":"","meta":{"_et_pb_use_builder":"","_et_pb_old_content":"","_et_gb_content_width":""},"product_cat":[8],"product_tag":[],"_links":{"self":[{"href":"https:\/\/marneantic.com\/index.php\/wp-json\/wp\/v2\/product\/27647"}],"collection":[{"href":"https:\/\/marneantic.com\/index.php\/wp-json\/wp\/v2\/product"}],"about":[{"href":"https:\/\/marneantic.com\/index.php\/wp-json\/wp\/v2\/types\/product"}],"replies":[{"embeddable":true,"href":"https:\/\/marneantic.com\/index.php\/wp-json\/wp\/v2\/comments?post=27647"}],"wp:featuredmedia":[{"embeddable":true,"href":"https:\/\/marneantic.com\/index.php\/wp-json\/wp\/v2\/media\/27648"}],"wp:attachment":[{"href":"https:\/\/marneantic.com\/index.php\/wp-json\/wp\/v2\/media?parent=27647"}],"wp:term":[{"taxonomy":"product_cat","embeddable":true,"href":"https:\/\/marneantic.com\/index.php\/wp-json\/wp\/v2\/product_cat?post=27647"},{"taxonomy":"product_tag","embeddable":true,"href":"https:\/\/marneantic.com\/index.php\/wp-json\/wp\/v2\/product_tag?post=27647"}],"curies":[{"name":"wp","href":"https:\/\/api.w.org\/{rel}","templated":true}]}}