{"id":27690,"date":"2026-02-13T15:14:11","date_gmt":"2026-02-13T14:14:11","guid":{"rendered":"https:\/\/marneantic.com\/?post_type=product&#038;p=27690"},"modified":"2026-02-13T15:26:45","modified_gmt":"2026-02-13T14:26:45","slug":"suspension-ancienne-verrerie-de-clichy","status":"publish","type":"product","link":"https:\/\/marneantic.com\/index.php\/produit\/suspension-ancienne-verrerie-de-clichy\/","title":{"rendered":"Suspension ancienne &#8211; verrerie de Clichy"},"content":{"rendered":"","protected":false},"excerpt":{"rendered":"<p>Suspension ancienne &#8211; verrerie de Clichy, en tr\u00e8s bon \u00e9tat, \u00e9lectricit\u00e9 refaite, douille ba\u00efonnette d&rsquo;\u00e9poque, fournie sans ampoule, fil tissu torsad\u00e9 de 50cm. Diam\u00e8tre: 20.5cm.<\/p>\n","protected":false},"featured_media":27695,"comment_status":"open","ping_status":"closed","template":"","meta":{"_et_pb_use_builder":"","_et_pb_old_content":"","_et_gb_content_width":""},"product_cat":[24,16],"product_tag":[],"_links":{"self":[{"href":"https:\/\/marneantic.com\/index.php\/wp-json\/wp\/v2\/product\/27690"}],"collection":[{"href":"https:\/\/marneantic.com\/index.php\/wp-json\/wp\/v2\/product"}],"about":[{"href":"https:\/\/marneantic.com\/index.php\/wp-json\/wp\/v2\/types\/product"}],"replies":[{"embeddable":true,"href":"https:\/\/marneantic.com\/index.php\/wp-json\/wp\/v2\/comments?post=27690"}],"wp:featuredmedia":[{"embeddable":true,"href":"https:\/\/marneantic.com\/index.php\/wp-json\/wp\/v2\/media\/27695"}],"wp:attachment":[{"href":"https:\/\/marneantic.com\/index.php\/wp-json\/wp\/v2\/media?parent=27690"}],"wp:term":[{"taxonomy":"product_cat","embeddable":true,"href":"https:\/\/marneantic.com\/index.php\/wp-json\/wp\/v2\/product_cat?post=27690"},{"taxonomy":"product_tag","embeddable":true,"href":"https:\/\/marneantic.com\/index.php\/wp-json\/wp\/v2\/product_tag?post=27690"}],"curies":[{"name":"wp","href":"https:\/\/api.w.org\/{rel}","templated":true}]}}