{"id":27739,"date":"2026-03-11T08:49:53","date_gmt":"2026-03-11T07:49:53","guid":{"rendered":"https:\/\/marneantic.com\/?post_type=product&#038;p=27739"},"modified":"2026-03-27T12:25:32","modified_gmt":"2026-03-27T11:25:32","slug":"petit-meuble-de-travail-ou-rangement-ancien-en-bois-2","status":"publish","type":"product","link":"https:\/\/marneantic.com\/index.php\/produit\/petit-meuble-de-travail-ou-rangement-ancien-en-bois-2\/","title":{"rendered":"Petit meuble de travail ou rangement ancien en bois"},"content":{"rendered":"","protected":false},"excerpt":{"rendered":"<p>petit meuble de travail ou de rangement ancien en bois a deux portes avec cl\u00e9<br \/>\nen bon \u00e9tat, traces d&rsquo;usage<br \/>\nhauteur: 86cm<br \/>\nlargeur: 77.5cm<br \/>\nprofondeur: 51cm<br \/>\nLes produits propos\u00e9s dans notre boutique sont anciens, ils peuvent pr\u00e9sent\u00e9s des traces d\u2019usure, d&rsquo;usage ou rayures qui donnent au produit son caract\u00e8re et son authenticit\u00e9, ils sont pr\u00e9sent\u00e9s au mieux dans la description, \u00e0 travers photos et textes, merci de bien les regarder.<\/p>\n<p>pas d&rsquo;exp\u00e9dition postale pour cet article, remise en main propre domicile ou livraison possible en r\u00e9gion parisienne(conditions sur demande)<\/p>\n","protected":false},"featured_media":27740,"comment_status":"open","ping_status":"closed","template":"","meta":{"_et_pb_use_builder":"","_et_pb_old_content":"","_et_gb_content_width":""},"product_cat":[31,16,30],"product_tag":[],"_links":{"self":[{"href":"https:\/\/marneantic.com\/index.php\/wp-json\/wp\/v2\/product\/27739"}],"collection":[{"href":"https:\/\/marneantic.com\/index.php\/wp-json\/wp\/v2\/product"}],"about":[{"href":"https:\/\/marneantic.com\/index.php\/wp-json\/wp\/v2\/types\/product"}],"replies":[{"embeddable":true,"href":"https:\/\/marneantic.com\/index.php\/wp-json\/wp\/v2\/comments?post=27739"}],"wp:featuredmedia":[{"embeddable":true,"href":"https:\/\/marneantic.com\/index.php\/wp-json\/wp\/v2\/media\/27740"}],"wp:attachment":[{"href":"https:\/\/marneantic.com\/index.php\/wp-json\/wp\/v2\/media?parent=27739"}],"wp:term":[{"taxonomy":"product_cat","embeddable":true,"href":"https:\/\/marneantic.com\/index.php\/wp-json\/wp\/v2\/product_cat?post=27739"},{"taxonomy":"product_tag","embeddable":true,"href":"https:\/\/marneantic.com\/index.php\/wp-json\/wp\/v2\/product_tag?post=27739"}],"curies":[{"name":"wp","href":"https:\/\/api.w.org\/{rel}","templated":true}]}}